{"id":154,"date":"2023-07-27T12:44:34","date_gmt":"2023-07-27T12:44:34","guid":{"rendered":"https:\/\/atriun.es\/?page_id=154"},"modified":"2023-08-30T07:17:29","modified_gmt":"2023-08-30T07:17:29","slug":"contabilidad","status":"publish","type":"page","link":"https:\/\/atriun.com\/en\/contabilidad\/","title":{"rendered":"Accounting"},"content":{"rendered":"<p>[et_pb_section fb_built=\u00bb1&#8243; _builder_version=\u00bb4.21.0&#8243; _module_preset=\u00bbdefault\u00bb background_color=\u00bbrgba(0,0,0,0.32)\u00bb background_image=\u00bbhttps:\/\/atriun.com\/wp-content\/uploads\/2023\/08\/portada-areas-trabajo.jpeg\u00bb background_blend=\u00bboverlay\u00bb bottom_divider_style=\u00bbcurve\u00bb bottom_divider_color=\u00bb#f59050&#8243; bottom_divider_height=\u00bb60px\u00bb global_colors_info=\u00bb{}\u00bb][et_pb_row _builder_version=\u00bb4.21.0&#8243; _module_preset=\u00bbdefault\u00bb global_colors_info=\u00bb{}\u00bb][et_pb_column type=\u00bb4_4&#8243; _builder_version=\u00bb4.21.0&#8243; _module_preset=\u00bbdefault\u00bb global_colors_info=\u00bb{}\u00bb][et_pb_text _builder_version=\u00bb4.21.0&#8243; _module_preset=\u00bbdefault\u00bb global_colors_info=\u00bb{}\u00bb][\/et_pb_text][et_pb_text _builder_version=\u00bb4.21.0&#8243; _module_preset=\u00bbdefault\u00bb global_colors_info=\u00bb{}\u00bb][\/et_pb_text][\/et_pb_column][\/et_pb_row][\/et_pb_section][et_pb_section fb_built=\u00bb1&#8243; _builder_version=\u00bb4.21.0&#8243; _module_preset=\u00bbdefault\u00bb background_color=\u00bbrgba(130,130,130,0.16)\u00bb custom_padding=\u00bb||11px|||\u00bb top_divider_style=\u00bbwave\u00bb top_divider_color=\u00bb#f59050&#8243; top_divider_height=\u00bb60px\u00bb global_colors_info=\u00bb{}\u00bb][et_pb_row _builder_version=\u00bb4.21.0&#8243; _module_preset=\u00bbdefault\u00bb custom_padding=\u00bb||7px|||\u00bb global_colors_info=\u00bb{}\u00bb][et_pb_column type=\u00bb4_4&#8243; _builder_version=\u00bb4.21.0&#8243; _module_preset=\u00bbdefault\u00bb global_colors_info=\u00bb{}\u00bb][et_pb_text _builder_version=\u00bb4.21.0&#8243; _module_preset=\u00bbdefault\u00bb background_enable_color=\u00bboff\u00bb global_colors_info=\u00bb{}\u00bb]<\/p>\n<h1 style=\"text-align: left;\">\u00c1REA DE CONTABILIDAD<\/h1>\n<p>[\/et_pb_text][\/et_pb_column][\/et_pb_row][\/et_pb_section][et_pb_section fb_built=\u00bb1&#8243; _builder_version=\u00bb4.21.0&#8243; _module_preset=\u00bbdefault\u00bb background_color=\u00bbrgba(130,130,130,0.16)\u00bb custom_padding=\u00bb32px||29px|||\u00bb global_colors_info=\u00bb{}\u00bb][et_pb_row _builder_version=\u00bb4.21.0&#8243; _module_preset=\u00bbdefault\u00bb global_colors_info=\u00bb{}\u00bb][et_pb_column type=\u00bb4_4&#8243; _builder_version=\u00bb4.21.0&#8243; _module_preset=\u00bbdefault\u00bb global_colors_info=\u00bb{}\u00bb][et_pb_image src=\u00bbhttps:\/\/atriun.com\/wp-content\/uploads\/2023\/08\/contabilidad.jpeg\u00bb alt=\u00bbcontabilidad area\u00bb title_text=\u00bbcontabilidad\u00bb align=\u00bbcenter\u00bb _builder_version=\u00bb4.21.0&#8243; _module_preset=\u00bbdefault\u00bb border_radii=\u00bbon|50px|50px|50px|50px\u00bb global_colors_info=\u00bb{}\u00bb][\/et_pb_image][\/et_pb_column][\/et_pb_row][et_pb_row column_structure=\u00bb1_2,1_2&#8243; _builder_version=\u00bb4.21.0&#8243; _module_preset=\u00bbdefault\u00bb global_colors_info=\u00bb{}\u00bb][et_pb_column type=\u00bb1_2&#8243; _builder_version=\u00bb4.21.0&#8243; _module_preset=\u00bbdefault\u00bb global_colors_info=\u00bb{}\u00bb][et_pb_image src=\u00bbhttps:\/\/atriun.com\/wp-content\/uploads\/2023\/07\/contabilidad1.png\u00bb alt=\u00bbcontabilidad area\u00bb title_text=\u00bbcontabilidad1&#8243; align=\u00bbcenter\u00bb _builder_version=\u00bb4.21.0&#8243; _module_preset=\u00bbdefault\u00bb width=\u00bb40%\u00bb global_colors_info=\u00bb{}\u00bb][\/et_pb_image][\/et_pb_column][et_pb_column type=\u00bb1_2&#8243; _builder_version=\u00bb4.21.0&#8243; _module_preset=\u00bbdefault\u00bb global_colors_info=\u00bb{}\u00bb][et_pb_text _builder_version=\u00bb4.21.0&#8243; _module_preset=\u00bbdefault\u00bb global_colors_info=\u00bb{}\u00bb][\/et_pb_text][et_pb_text _builder_version=\u00bb4.21.0&#8243; _module_preset=\u00bbdefault\u00bb global_colors_info=\u00bb{}\u00bb]<\/p>\n<p><span>Desde el \u00e1rea de Contabilidad ponemos a su disposici\u00f3n un equipo de profesionales altamente cualificados para hacerse cargo de la llevanza de sus estados financieros y contables.<\/span><\/p>\n<p><span>Le prestamos un asesoramiento cualificado, independiente y objetivo aportando un valor a\u00f1adido a su empresa y obteniendo una reducci\u00f3n en sus costes de personal.<\/span><\/p>\n<p>[\/et_pb_text][\/et_pb_column][\/et_pb_row][et_pb_row column_structure=\u00bb1_2,1_2&#8243; _builder_version=\u00bb4.21.0&#8243; _module_preset=\u00bbdefault\u00bb global_colors_info=\u00bb{}\u00bb][et_pb_column type=\u00bb1_2&#8243; _builder_version=\u00bb4.21.0&#8243; _module_preset=\u00bbdefault\u00bb global_colors_info=\u00bb{}\u00bb][et_pb_text _builder_version=\u00bb4.21.0&#8243; _module_preset=\u00bbdefault\u00bb global_colors_info=\u00bb{}\u00bb]<\/p>\n<h2 style=\"text-align: center;\">NUESTROS SERVICIOS<\/h2>\n<p>[\/et_pb_text][et_pb_accordion open_toggle_background_color=\u00bbrgba(130,130,130,0.16)\u00bb closed_toggle_background_color=\u00bbrgba(130,130,130,0.16)\u00bb toggle_icon=\u00bb&#xf51e;||fa||900&#8243; icon_color=\u00bb#000000&#8243; _builder_version=\u00bb4.21.0&#8243; _module_preset=\u00bbdefault\u00bb global_colors_info=\u00bb{}\u00bb][et_pb_accordion_item title=\u00bbServicios de Contabilidad General\u00bb open=\u00bbon\u00bb _builder_version=\u00bb4.21.0&#8243; _module_preset=\u00bbdefault\u00bb global_colors_info=\u00bb{}\u00bb]<\/p>\n<ul>\n<li>Confecci\u00f3n de la contabilidad anual aplicada al PGC<\/li>\n<li>Libro Diario<\/li>\n<li>Libro Mayor<\/li>\n<li>Libro Balances<\/li>\n<li>Libro IVA<\/li>\n<li>Libro de registros de ingresos y gastos<\/li>\n<\/ul>\n<p>[\/et_pb_accordion_item][et_pb_accordion_item title=\u00bbServicios de Contabilidad Espec\u00edficos\u00bb _builder_version=\u00bb4.21.0&#8243; _module_preset=\u00bbdefault\u00bb global_colors_info=\u00bb{}\u00bb open=\u00bboff\u00bb]<\/p>\n<ul>\n<li>Libro de inversiones<\/li>\n<li>Contabilidades atrasadas<\/li>\n<\/ul>\n<p>[\/et_pb_accordion_item][et_pb_accordion_item title=\u00bbSupervisi\u00f3n y An\u00e1lisis Contable\u00bb _builder_version=\u00bb4.21.0&#8243; _module_preset=\u00bbdefault\u00bb global_colors_info=\u00bb{}\u00bb open=\u00bboff\u00bb]<\/p>\n<p><span>Supervisi\u00f3n de los estados financieros y an\u00e1lisis de los asientos realizados, para determinar la aplicaci\u00f3n correcta de los principios y normas de valoraci\u00f3n contables<\/span><\/p>\n<p>[\/et_pb_accordion_item][et_pb_accordion_item title=\u00bbLegalizaci\u00f3n y Registro Contable\u00bb _builder_version=\u00bb4.21.0&#8243; _module_preset=\u00bbdefault\u00bb global_colors_info=\u00bb{}\u00bb open=\u00bboff\u00bb]<\/p>\n<ul>\n<li>Legalizaci\u00f3n de los libros oficiales de contabilidad<\/li>\n<li>Preparaci\u00f3n y dep\u00f3sito de las Cuentas Anuales en el Registro Mercantil<\/li>\n<li>Cuentas anuales: Balance de Situaci\u00f3n, Cuenta de P\u00e9rdidas y Ganancias y Memoria<\/li>\n<li>Certificaci\u00f3n del Acuerdo de la Junta<\/li>\n<\/ul>\n<p>[\/et_pb_accordion_item][\/et_pb_accordion][\/et_pb_column][et_pb_column type=\u00bb1_2&#8243; _builder_version=\u00bb4.21.0&#8243; _module_preset=\u00bbdefault\u00bb global_colors_info=\u00bb{}\u00bb][et_pb_text _builder_version=\u00bb4.21.0&#8243; _module_preset=\u00bbdefault\u00bb global_colors_info=\u00bb{}\u00bb]<\/p>\n<h2 style=\"text-align: center;\">SI NECESITAS CONTACTAR<\/h2>\n<p>[\/et_pb_text][et_pb_button button_url=\u00bbhttps:\/\/atriun.com\/contacto\/\u00bb button_text=\u00bbContacto\u00bb button_alignment=\u00bbcenter\u00bb _builder_version=\u00bb4.21.0&#8243; _module_preset=\u00bbdefault\u00bb custom_button=\u00bbon\u00bb button_text_color=\u00bb#000000&#8243; button_border_radius=\u00bb25px\u00bb button_icon=\u00bb&#xe087;||divi||400&#8243; hover_enabled=\u00bb0&#8243; global_colors_info=\u00bb{}\u00bb sticky_enabled=\u00bb0&#8243;][\/et_pb_button][et_pb_tabs _builder_version=\u00bb4.21.0&#8243; _module_preset=\u00bbdefault\u00bb global_colors_info=\u00bb{}\u00bb][et_pb_tab title=\u00bbLL\u00c1MANOS\u00bb _builder_version=\u00bb4.21.0&#8243; _module_preset=\u00bbdefault\u00bb background_color=\u00bbrgba(130,130,130,0.16)\u00bb background_enable_color=\u00bbon\u00bb global_colors_info=\u00bb{}\u00bb]<\/p>\n<p>No lo dudes y ll\u00e1manos. Te informaremos sin compromiso.<\/p>\n<p><a href=\"tel:+34956251347\"><span>956 251 347<\/span><\/a><\/p>\n<p>[\/et_pb_tab][et_pb_tab title=\u00bbENV\u00cdANOS UN CORREO\u00bb _builder_version=\u00bb4.21.0&#8243; _module_preset=\u00bbdefault\u00bb background_color=\u00bbrgba(130,130,130,0.16)\u00bb background_enable_color=\u00bbon\u00bb global_colors_info=\u00bb{}\u00bb]<\/p>\n<p>Si necesitas m\u00e1s informaci\u00f3n puedes enviarnos un correo electr\u00f3nico a:<\/p>\n<p><a href=\"mailto:info@atriun.com\">info@atriun.com<\/a><\/p>\n<p>[\/et_pb_tab][et_pb_tab title=\u00bbVIS\u00cdTANOS\u00bb _builder_version=\u00bb4.21.0&#8243; _module_preset=\u00bbdefault\u00bb background_color=\u00bbrgba(130,130,130,0.16)\u00bb background_enable_color=\u00bbon\u00bb global_colors_info=\u00bb{}\u00bb]<\/p>\n<p>Visita nuestra oficina en C\u00e1diz<\/p>\n<p>Estamos en Calle Parlamento 13, 2\u00ba Derecha<\/p>\n<p>Si necesitas ayuda para encontrarnos pulsa <a href=\"https:\/\/goo.gl\/maps\/KRyM47skoae9FMpU9\">AQU\u00cd<\/a><\/p>\n<p>[\/et_pb_tab][\/et_pb_tabs][\/et_pb_column][\/et_pb_row][\/et_pb_section][et_pb_section fb_built=\u00bb1&#8243; _builder_version=\u00bb4.21.0&#8243; _module_preset=\u00bbdefault\u00bb background_color=\u00bbrgba(130,130,130,0.16)\u00bb custom_padding=\u00bb11px||9px|||\u00bb global_colors_info=\u00bb{}\u00bb][et_pb_row column_structure=\u00bb1_2,1_2&#8243; _builder_version=\u00bb4.21.0&#8243; _module_preset=\u00bbdefault\u00bb custom_padding=\u00bb18px|||||\u00bb global_colors_info=\u00bb{}\u00bb][et_pb_column type=\u00bb1_2&#8243; _builder_version=\u00bb4.21.0&#8243; _module_preset=\u00bbdefault\u00bb global_colors_info=\u00bb{}\u00bb][et_pb_image src=\u00bbhttps:\/\/atriun.com\/wp-content\/uploads\/2023\/07\/publi1.png\u00bb alt=\u00bbpublicidad atriun asesores\u00bb title_text=\u00bbpubli1&#8243; align=\u00bbcenter\u00bb _builder_version=\u00bb4.21.0&#8243; _module_preset=\u00bbdefault\u00bb width=\u00bb50%\u00bb global_colors_info=\u00bb{}\u00bb][\/et_pb_image][\/et_pb_column][et_pb_column type=\u00bb1_2&#8243; _builder_version=\u00bb4.21.0&#8243; _module_preset=\u00bbdefault\u00bb global_colors_info=\u00bb{}\u00bb][et_pb_image src=\u00bbhttps:\/\/atriun.com\/wp-content\/uploads\/2023\/07\/publi3.png\u00bb alt=\u00bbeuropa atriun asesores\u00bb title_text=\u00bbpubli3&#8243; align=\u00bbcenter\u00bb _builder_version=\u00bb4.21.0&#8243; _module_preset=\u00bbdefault\u00bb width=\u00bb50%\u00bb global_colors_info=\u00bb{}\u00bb][\/et_pb_image][\/et_pb_column][\/et_pb_row][et_pb_row _builder_version=\u00bb4.21.0&#8243; _module_preset=\u00bbdefault\u00bb custom_margin=\u00bb-33px|auto||auto||\u00bb custom_padding=\u00bb0px||6px|||\u00bb global_colors_info=\u00bb{}\u00bb][et_pb_column type=\u00bb4_4&#8243; _builder_version=\u00bb4.21.0&#8243; _module_preset=\u00bbdefault\u00bb global_colors_info=\u00bb{}\u00bb][et_pb_text _builder_version=\u00bb4.21.0&#8243; _module_preset=\u00bbdefault\u00bb global_colors_info=\u00bb{}\u00bb]<\/p>\n<p style=\"text-align: center;\"><span>Financiado por la Uni\u00f3n Europea \u2013 NextGenerationEU<\/span><\/p>\n<p>[\/et_pb_text][\/et_pb_column][\/et_pb_row][\/et_pb_section]<\/p>\n","protected":false},"excerpt":{"rendered":"<p>\u00c1REA DE CONTABILIDADDesde el \u00e1rea de Contabilidad ponemos a su disposici\u00f3n un equipo de profesionales altamente cualificados para hacerse cargo de la llevanza de sus estados financieros y contables. Le prestamos un asesoramiento cualificado, independiente y objetivo aportando un valor a\u00f1adido a su empresa y obteniendo una reducci\u00f3n en sus costes de personal.NUESTROS SERVICIOS Confecci\u00f3n [&hellip;]<\/p>\n","protected":false},"author":2,"featured_media":0,"parent":0,"menu_order":0,"comment_status":"closed","ping_status":"closed","template":"","meta":{"_et_pb_use_builder":"on","_et_pb_old_content":"","_et_gb_content_width":"","footnotes":""},"class_list":["post-154","page","type-page","status-publish","hentry"],"yoast_head":"<!-- This site is optimized with the Yoast SEO plugin v27.1.1 - https:\/\/yoast.com\/product\/yoast-seo-wordpress\/ -->\n<title>Contabilidad - Atriun Asesores<\/title>\n<meta name=\"description\" content=\"En el \u00c1rea de Contabilidad ponemos a su disposici\u00f3n un equipo de profesionales para hacerse cargo de sus estados financieros y contables.\" \/>\n<meta name=\"robots\" content=\"index, follow, max-snippet:-1, max-image-preview:large, max-video-preview:-1\" \/>\n<link rel=\"canonical\" href=\"https:\/\/atriun.com\/en\/contabilidad\/\" \/>\n<meta property=\"og:locale\" content=\"en_GB\" \/>\n<meta property=\"og:type\" content=\"article\" \/>\n<meta property=\"og:title\" content=\"Contabilidad - Atriun Asesores\" \/>\n<meta property=\"og:description\" content=\"En el \u00c1rea de Contabilidad ponemos a su disposici\u00f3n un equipo de profesionales para hacerse cargo de sus estados financieros y contables.\" \/>\n<meta property=\"og:url\" content=\"https:\/\/atriun.com\/en\/contabilidad\/\" \/>\n<meta property=\"og:site_name\" content=\"Atriun Asesores\" \/>\n<meta property=\"article:modified_time\" content=\"2023-08-30T07:17:29+00:00\" \/>\n<meta name=\"twitter:card\" content=\"summary_large_image\" \/>\n<meta name=\"twitter:label1\" content=\"Estimated reading time\" \/>\n\t<meta name=\"twitter:data1\" content=\"3 minutes\" \/>\n<script type=\"application\/ld+json\" class=\"yoast-schema-graph\">{\"@context\":\"https:\/\/schema.org\",\"@graph\":[{\"@type\":\"WebPage\",\"@id\":\"https:\/\/atriun.com\/contabilidad\/\",\"url\":\"https:\/\/atriun.com\/contabilidad\/\",\"name\":\"Contabilidad - Atriun Asesores\",\"isPartOf\":{\"@id\":\"https:\/\/atriun.com\/#website\"},\"datePublished\":\"2023-07-27T12:44:34+00:00\",\"dateModified\":\"2023-08-30T07:17:29+00:00\",\"description\":\"En el \u00c1rea de Contabilidad ponemos a su disposici\u00f3n un equipo de profesionales para hacerse cargo de sus estados financieros y contables.\",\"breadcrumb\":{\"@id\":\"https:\/\/atriun.com\/contabilidad\/#breadcrumb\"},\"inLanguage\":\"en-GB\",\"potentialAction\":[{\"@type\":\"ReadAction\",\"target\":[\"https:\/\/atriun.com\/contabilidad\/\"]}]},{\"@type\":\"BreadcrumbList\",\"@id\":\"https:\/\/atriun.com\/contabilidad\/#breadcrumb\",\"itemListElement\":[{\"@type\":\"ListItem\",\"position\":1,\"name\":\"Portada\",\"item\":\"https:\/\/atriun.com\/en\/\"},{\"@type\":\"ListItem\",\"position\":2,\"name\":\"Contabilidad\"}]},{\"@type\":\"WebSite\",\"@id\":\"https:\/\/atriun.com\/#website\",\"url\":\"https:\/\/atriun.com\/\",\"name\":\"Atriun Asesores\",\"description\":\"Tu asesor\u00eda de confianza\",\"potentialAction\":[{\"@type\":\"SearchAction\",\"target\":{\"@type\":\"EntryPoint\",\"urlTemplate\":\"https:\/\/atriun.com\/?s={search_term_string}\"},\"query-input\":{\"@type\":\"PropertyValueSpecification\",\"valueRequired\":true,\"valueName\":\"search_term_string\"}}],\"inLanguage\":\"en-GB\"}]}<\/script>\n<!-- \/ Yoast SEO plugin. -->","yoast_head_json":{"title":"Contabilidad - Atriun Asesores","description":"En el \u00c1rea de Contabilidad ponemos a su disposici\u00f3n un equipo de profesionales para hacerse cargo de sus estados financieros y contables.","robots":{"index":"index","follow":"follow","max-snippet":"max-snippet:-1","max-image-preview":"max-image-preview:large","max-video-preview":"max-video-preview:-1"},"canonical":"https:\/\/atriun.com\/en\/contabilidad\/","og_locale":"en_GB","og_type":"article","og_title":"Contabilidad - Atriun Asesores","og_description":"En el \u00c1rea de Contabilidad ponemos a su disposici\u00f3n un equipo de profesionales para hacerse cargo de sus estados financieros y contables.","og_url":"https:\/\/atriun.com\/en\/contabilidad\/","og_site_name":"Atriun Asesores","article_modified_time":"2023-08-30T07:17:29+00:00","twitter_card":"summary_large_image","twitter_misc":{"Estimated reading time":"3 minutes"},"schema":{"@context":"https:\/\/schema.org","@graph":[{"@type":"WebPage","@id":"https:\/\/atriun.com\/contabilidad\/","url":"https:\/\/atriun.com\/contabilidad\/","name":"Contabilidad - Atriun Asesores","isPartOf":{"@id":"https:\/\/atriun.com\/#website"},"datePublished":"2023-07-27T12:44:34+00:00","dateModified":"2023-08-30T07:17:29+00:00","description":"En el \u00c1rea de Contabilidad ponemos a su disposici\u00f3n un equipo de profesionales para hacerse cargo de sus estados financieros y contables.","breadcrumb":{"@id":"https:\/\/atriun.com\/contabilidad\/#breadcrumb"},"inLanguage":"en-GB","potentialAction":[{"@type":"ReadAction","target":["https:\/\/atriun.com\/contabilidad\/"]}]},{"@type":"BreadcrumbList","@id":"https:\/\/atriun.com\/contabilidad\/#breadcrumb","itemListElement":[{"@type":"ListItem","position":1,"name":"Portada","item":"https:\/\/atriun.com\/en\/"},{"@type":"ListItem","position":2,"name":"Contabilidad"}]},{"@type":"WebSite","@id":"https:\/\/atriun.com\/#website","url":"https:\/\/atriun.com\/","name":"Atriun Asesores","description":"Your Trusted Advisory","potentialAction":[{"@type":"SearchAction","target":{"@type":"EntryPoint","urlTemplate":"https:\/\/atriun.com\/?s={search_term_string}"},"query-input":{"@type":"PropertyValueSpecification","valueRequired":true,"valueName":"search_term_string"}}],"inLanguage":"en-GB"}]}},"_links":{"self":[{"href":"https:\/\/atriun.com\/en\/wp-json\/wp\/v2\/pages\/154","targetHints":{"allow":["GET"]}}],"collection":[{"href":"https:\/\/atriun.com\/en\/wp-json\/wp\/v2\/pages"}],"about":[{"href":"https:\/\/atriun.com\/en\/wp-json\/wp\/v2\/types\/page"}],"author":[{"embeddable":true,"href":"https:\/\/atriun.com\/en\/wp-json\/wp\/v2\/users\/2"}],"replies":[{"embeddable":true,"href":"https:\/\/atriun.com\/en\/wp-json\/wp\/v2\/comments?post=154"}],"version-history":[{"count":14,"href":"https:\/\/atriun.com\/en\/wp-json\/wp\/v2\/pages\/154\/revisions"}],"predecessor-version":[{"id":488,"href":"https:\/\/atriun.com\/en\/wp-json\/wp\/v2\/pages\/154\/revisions\/488"}],"wp:attachment":[{"href":"https:\/\/atriun.com\/en\/wp-json\/wp\/v2\/media?parent=154"}],"curies":[{"name":"wp","href":"https:\/\/api.w.org\/{rel}","templated":true}]}}