{"id":151,"date":"2023-07-27T12:43:14","date_gmt":"2023-07-27T12:43:14","guid":{"rendered":"https:\/\/atriun.es\/?page_id=151"},"modified":"2023-08-30T07:18:07","modified_gmt":"2023-08-30T07:18:07","slug":"administracion-de-fincas","status":"publish","type":"page","link":"https:\/\/atriun.com\/en\/administracion-de-fincas\/","title":{"rendered":"Property Management"},"content":{"rendered":"<p>[et_pb_section fb_built=\u00bb1&#8243; _builder_version=\u00bb4.21.0&#8243; _module_preset=\u00bbdefault\u00bb background_color=\u00bbrgba(0,0,0,0.07)\u00bb background_image=\u00bbhttps:\/\/atriun.com\/wp-content\/uploads\/2023\/08\/portada-areas-trabajo.jpeg\u00bb background_blend=\u00bboverlay\u00bb bottom_divider_style=\u00bbcurve\u00bb bottom_divider_color=\u00bb#f59050&#8243; bottom_divider_height=\u00bb60px\u00bb global_colors_info=\u00bb{}\u00bb][et_pb_row _builder_version=\u00bb4.21.0&#8243; _module_preset=\u00bbdefault\u00bb global_colors_info=\u00bb{}\u00bb][et_pb_column type=\u00bb4_4&#8243; _builder_version=\u00bb4.21.0&#8243; _module_preset=\u00bbdefault\u00bb global_colors_info=\u00bb{}\u00bb][et_pb_text _builder_version=\u00bb4.21.0&#8243; _module_preset=\u00bbdefault\u00bb global_colors_info=\u00bb{}\u00bb][\/et_pb_text][et_pb_text _builder_version=\u00bb4.21.0&#8243; _module_preset=\u00bbdefault\u00bb global_colors_info=\u00bb{}\u00bb][\/et_pb_text][\/et_pb_column][\/et_pb_row][\/et_pb_section][et_pb_section fb_built=\u00bb1&#8243; _builder_version=\u00bb4.21.0&#8243; _module_preset=\u00bbdefault\u00bb background_color=\u00bbrgba(130,130,130,0.16)\u00bb custom_padding=\u00bb||15px|||\u00bb top_divider_style=\u00bbwave\u00bb top_divider_color=\u00bb#f59050&#8243; top_divider_height=\u00bb60px\u00bb global_colors_info=\u00bb{}\u00bb][et_pb_row _builder_version=\u00bb4.21.0&#8243; _module_preset=\u00bbdefault\u00bb global_colors_info=\u00bb{}\u00bb][et_pb_column type=\u00bb4_4&#8243; _builder_version=\u00bb4.21.0&#8243; _module_preset=\u00bbdefault\u00bb global_colors_info=\u00bb{}\u00bb][et_pb_text _builder_version=\u00bb4.21.0&#8243; _module_preset=\u00bbdefault\u00bb global_colors_info=\u00bb{}\u00bb]<\/p>\n<h1 style=\"text-align: left;\">\u00c1REA DE ADMINISTRACI\u00d3N DE FINCAS<\/h1>\n<p>[\/et_pb_text][\/et_pb_column][\/et_pb_row][et_pb_row _builder_version=\u00bb4.21.0&#8243; _module_preset=\u00bbdefault\u00bb global_colors_info=\u00bb{}\u00bb][et_pb_column type=\u00bb4_4&#8243; _builder_version=\u00bb4.21.0&#8243; _module_preset=\u00bbdefault\u00bb global_colors_info=\u00bb{}\u00bb][et_pb_image src=\u00bbhttps:\/\/atriun.com\/wp-content\/uploads\/2023\/08\/fincas1.jpeg\u00bb alt=\u00bbarea administracion de fincas\u00bb title_text=\u00bbfincas1&#8243; align=\u00bbcenter\u00bb _builder_version=\u00bb4.21.0&#8243; _module_preset=\u00bbdefault\u00bb border_radii=\u00bbon|50px|50px|50px|50px\u00bb global_colors_info=\u00bb{}\u00bb][\/et_pb_image][\/et_pb_column][\/et_pb_row][et_pb_row column_structure=\u00bb1_2,1_2&#8243; _builder_version=\u00bb4.21.0&#8243; _module_preset=\u00bbdefault\u00bb global_colors_info=\u00bb{}\u00bb][et_pb_column type=\u00bb1_2&#8243; _builder_version=\u00bb4.21.0&#8243; _module_preset=\u00bbdefault\u00bb global_colors_info=\u00bb{}\u00bb][et_pb_image src=\u00bbhttps:\/\/atriun.com\/wp-content\/uploads\/2023\/07\/admon-fincas.png\u00bb alt=\u00bbicono atriun asesores fincas\u00bb title_text=\u00bbadmon-fincas\u00bb align=\u00bbcenter\u00bb _builder_version=\u00bb4.21.0&#8243; _module_preset=\u00bbdefault\u00bb width=\u00bb50%\u00bb global_colors_info=\u00bb{}\u00bb][\/et_pb_image][\/et_pb_column][et_pb_column type=\u00bb1_2&#8243; _builder_version=\u00bb4.21.0&#8243; _module_preset=\u00bbdefault\u00bb global_colors_info=\u00bb{}\u00bb][et_pb_text _builder_version=\u00bb4.21.0&#8243; _module_preset=\u00bbdefault\u00bb global_colors_info=\u00bb{}\u00bb]<\/p>\n<p><span>Cada vez se hace m\u00e1s necesario la existencia de un profesional de la administraci\u00f3n de fincas que se haga cargo de administrar una comunidad de propietarios por las responsabilidades que conlleva.<\/span><\/p>\n<p><span>Es por ello que ofrecemos apoyo a las comunidades de propietarios para evitarles problemas legales y, en general, facilitarles el d\u00eda a d\u00eda.<\/span><\/p>\n<p><span>Desde el tipo de seguro que se tenga contratado, hasta los impagos de cuotas, la reclamaci\u00f3n de las mismas, las obras ilegales o no , la domiciliaci\u00f3n de los recibos etc.. <\/span><\/p>\n<p><span>En Atriun Asesores contamos con un equipo de profesionales dispuestos a darle a su comunidad de propietarios unos servicios de administraci\u00f3n de fincas profesionalizado incluyendo si fuera necesario entre otros el servicio de asesoramiento y defensa jur\u00eddica, asesoramiento laboral y fiscal para cualquier conflicto que pudiera surgir entre la comunidad y terceros.<\/span><\/p>\n<p><span>Todo ello junto a las habituales funciones de una administraci\u00f3n de fincas, elaboraci\u00f3n de presupuestos, contabilidad, domiciliaci\u00f3n de recibos, organizaci\u00f3n de Juntas, seguimiento y resoluci\u00f3n de problemas comunitarios y todo ello con la segundad y confianza que da tener al frente de ATRIUN a un administrador de fincas colegiado.<\/span><\/p>\n<p>[\/et_pb_text][\/et_pb_column][\/et_pb_row][et_pb_row column_structure=\u00bb1_2,1_2&#8243; _builder_version=\u00bb4.21.0&#8243; _module_preset=\u00bbdefault\u00bb custom_padding=\u00bb|||3px||\u00bb global_colors_info=\u00bb{}\u00bb][et_pb_column type=\u00bb1_2&#8243; _builder_version=\u00bb4.21.0&#8243; _module_preset=\u00bbdefault\u00bb global_colors_info=\u00bb{}\u00bb][et_pb_text _builder_version=\u00bb4.21.0&#8243; _module_preset=\u00bbdefault\u00bb global_colors_info=\u00bb{}\u00bb]<\/p>\n<h2 style=\"text-align: center;\">PRIMER PUESTO EN EM\u00c9RITA LEGAL<\/h2>\n<p>[\/et_pb_text][et_pb_team_member name=\u00bbDiego Zamorano\u00bb position=\u00bb1\u00ba Abogado Propiedad Horizontal C\u00e1diz\u00bb image_url=\u00bbhttps:\/\/atriun.com\/wp-content\/uploads\/2023\/07\/diego-web.jpeg\u00bb _builder_version=\u00bb4.21.0&#8243; _module_preset=\u00bbdefault\u00bb header_text_align=\u00bbleft\u00bb position_text_align=\u00bbleft\u00bb text_orientation=\u00bbcenter\u00bb link_option_url=\u00bbhttps:\/\/www.emerita.legal\/abogados-propiedad-horizontal\/cadiz\u00bb link_option_url_new_window=\u00bbon\u00bb border_radii_image=\u00bbon|150px|150px|150px|150px\u00bb border_width_all_image=\u00bb4px\u00bb box_shadow_style_image=\u00bbpreset1&#8243; global_colors_info=\u00bb{}\u00bb]<\/p>\n<p style=\"text-align: left;\">Contamos con el abogado de Propiedad Horizontal m\u00e1s valorado por \u00c9merita Legal, un portal que clasifica con criterios objetivos a los profesionales del sector legal.<\/p>\n<p style=\"text-align: left;\">Puedes confiar en Diego Zamorano para cualquer asunto relacionado con Propiedad Horizontal y Administraci\u00f3n de Fincas.<\/p>\n<p>[\/et_pb_team_member][\/et_pb_column][et_pb_column type=\u00bb1_2&#8243; _builder_version=\u00bb4.21.0&#8243; _module_preset=\u00bbdefault\u00bb global_colors_info=\u00bb{}\u00bb][et_pb_text _builder_version=\u00bb4.21.0&#8243; _module_preset=\u00bbdefault\u00bb global_colors_info=\u00bb{}\u00bb]<\/p>\n<h2 style=\"text-align: center;\">SI NECESITAS CONTACTAR<\/h2>\n<p>[\/et_pb_text][et_pb_button button_url=\u00bbhttps:\/\/atriun.com\/contacto\/\u00bb button_text=\u00bbContacto\u00bb button_alignment=\u00bbcenter\u00bb _builder_version=\u00bb4.21.0&#8243; _module_preset=\u00bbdefault\u00bb custom_button=\u00bbon\u00bb button_text_color=\u00bb#000000&#8243; button_border_radius=\u00bb25px\u00bb button_icon=\u00bb&#xe087;||divi||400&#8243; hover_enabled=\u00bb0&#8243; global_colors_info=\u00bb{}\u00bb sticky_enabled=\u00bb0&#8243;][\/et_pb_button][et_pb_tabs _builder_version=\u00bb4.21.0&#8243; _module_preset=\u00bbdefault\u00bb global_colors_info=\u00bb{}\u00bb][et_pb_tab title=\u00bbLL\u00c1MANOS\u00bb _builder_version=\u00bb4.21.0&#8243; _module_preset=\u00bbdefault\u00bb background_color=\u00bbrgba(130,130,130,0.16)\u00bb background_enable_color=\u00bbon\u00bb global_colors_info=\u00bb{}\u00bb]<\/p>\n<p>No lo dudes y ll\u00e1manos. Te informaremos sin compromiso.<\/p>\n<p><a href=\"tel:+34956251347\"><span>956 251 347<\/span><\/a><\/p>\n<p>[\/et_pb_tab][et_pb_tab title=\u00bbENV\u00cdANOS UN CORREO\u00bb _builder_version=\u00bb4.21.0&#8243; _module_preset=\u00bbdefault\u00bb background_color=\u00bbrgba(130,130,130,0.16)\u00bb background_enable_color=\u00bbon\u00bb global_colors_info=\u00bb{}\u00bb]<\/p>\n<p>Si necesitas m\u00e1s informaci\u00f3n puedes enviarnos un correo electr\u00f3nico a:<\/p>\n<p><a href=\"mailto:info@atriun.com\">info@atriun.com<\/a><\/p>\n<p>[\/et_pb_tab][et_pb_tab title=\u00bbVIS\u00cdTANOS\u00bb _builder_version=\u00bb4.21.0&#8243; _module_preset=\u00bbdefault\u00bb background_color=\u00bbrgba(130,130,130,0.16)\u00bb background_enable_color=\u00bbon\u00bb global_colors_info=\u00bb{}\u00bb]<\/p>\n<p>Visita nuestra oficina en C\u00e1diz<\/p>\n<p>Estamos en Calle Parlamento 13, 2\u00ba Derecha<\/p>\n<p>Si necesitas ayuda para encontrarnos pulsa <a href=\"https:\/\/goo.gl\/maps\/KRyM47skoae9FMpU9\">AQU\u00cd<\/a><\/p>\n<p>[\/et_pb_tab][\/et_pb_tabs][\/et_pb_column][\/et_pb_row][\/et_pb_section][et_pb_section fb_built=\u00bb1&#8243; _builder_version=\u00bb4.21.0&#8243; _module_preset=\u00bbdefault\u00bb background_color=\u00bbrgba(130,130,130,0.16)\u00bb custom_padding=\u00bb11px||9px|||\u00bb global_colors_info=\u00bb{}\u00bb][et_pb_row column_structure=\u00bb1_2,1_2&#8243; _builder_version=\u00bb4.21.0&#8243; _module_preset=\u00bbdefault\u00bb custom_padding=\u00bb20px|||||\u00bb global_colors_info=\u00bb{}\u00bb][et_pb_column type=\u00bb1_2&#8243; _builder_version=\u00bb4.21.0&#8243; _module_preset=\u00bbdefault\u00bb global_colors_info=\u00bb{}\u00bb][et_pb_image src=\u00bbhttps:\/\/atriun.com\/wp-content\/uploads\/2023\/07\/publi1.png\u00bb alt=\u00bbpublicidad atriun asesores\u00bb title_text=\u00bbpubli1&#8243; align=\u00bbcenter\u00bb _builder_version=\u00bb4.21.0&#8243; _module_preset=\u00bbdefault\u00bb width=\u00bb50%\u00bb global_colors_info=\u00bb{}\u00bb][\/et_pb_image][\/et_pb_column][et_pb_column type=\u00bb1_2&#8243; _builder_version=\u00bb4.21.0&#8243; _module_preset=\u00bbdefault\u00bb global_colors_info=\u00bb{}\u00bb][et_pb_image src=\u00bbhttps:\/\/atriun.com\/wp-content\/uploads\/2023\/07\/publi3.png\u00bb alt=\u00bbeuropa atriun asesores\u00bb title_text=\u00bbpubli3&#8243; align=\u00bbcenter\u00bb _builder_version=\u00bb4.21.0&#8243; _module_preset=\u00bbdefault\u00bb width=\u00bb50%\u00bb global_colors_info=\u00bb{}\u00bb][\/et_pb_image][\/et_pb_column][\/et_pb_row][et_pb_row _builder_version=\u00bb4.21.0&#8243; _module_preset=\u00bbdefault\u00bb custom_margin=\u00bb-33px|auto||auto||\u00bb custom_padding=\u00bb0px||6px|||\u00bb global_colors_info=\u00bb{}\u00bb][et_pb_column type=\u00bb4_4&#8243; _builder_version=\u00bb4.21.0&#8243; _module_preset=\u00bbdefault\u00bb global_colors_info=\u00bb{}\u00bb][et_pb_text _builder_version=\u00bb4.21.0&#8243; _module_preset=\u00bbdefault\u00bb global_colors_info=\u00bb{}\u00bb]<\/p>\n<p style=\"text-align: center;\"><span>Financiado por la Uni\u00f3n Europea \u2013 NextGenerationEU<\/span><\/p>\n<p>[\/et_pb_text][\/et_pb_column][\/et_pb_row][\/et_pb_section]<\/p>\n","protected":false},"excerpt":{"rendered":"<p>\u00c1REA DE ADMINISTRACI\u00d3N DE FINCASCada vez se hace m\u00e1s necesario la existencia de un profesional de la administraci\u00f3n de fincas que se haga cargo de administrar una comunidad de propietarios por las responsabilidades que conlleva. Es por ello que ofrecemos apoyo a las comunidades de propietarios para evitarles problemas legales y, en general, facilitarles el [&hellip;]<\/p>\n","protected":false},"author":2,"featured_media":0,"parent":0,"menu_order":0,"comment_status":"closed","ping_status":"closed","template":"","meta":{"_et_pb_use_builder":"on","_et_pb_old_content":"","_et_gb_content_width":"","footnotes":""},"class_list":["post-151","page","type-page","status-publish","hentry"],"yoast_head":"<!-- This site is optimized with the Yoast SEO plugin v27.1.1 - https:\/\/yoast.com\/product\/yoast-seo-wordpress\/ -->\n<title>Administraci\u00f3n de Fincas - Atriun Asesores<\/title>\n<meta name=\"description\" content=\"En Atriun Asesores contamos con un equipo dispuestos a darle a su comunidad de propietarios unos servicios de administraci\u00f3n de fincas.\" \/>\n<meta name=\"robots\" content=\"index, follow, max-snippet:-1, max-image-preview:large, max-video-preview:-1\" \/>\n<link rel=\"canonical\" href=\"https:\/\/atriun.com\/en\/administracion-de-fincas\/\" \/>\n<meta property=\"og:locale\" content=\"en_GB\" \/>\n<meta property=\"og:type\" content=\"article\" \/>\n<meta property=\"og:title\" content=\"Administraci\u00f3n de Fincas - Atriun Asesores\" \/>\n<meta property=\"og:description\" content=\"En Atriun Asesores contamos con un equipo dispuestos a darle a su comunidad de propietarios unos servicios de administraci\u00f3n de fincas.\" \/>\n<meta property=\"og:url\" content=\"https:\/\/atriun.com\/en\/administracion-de-fincas\/\" \/>\n<meta property=\"og:site_name\" content=\"Atriun Asesores\" \/>\n<meta property=\"article:modified_time\" content=\"2023-08-30T07:18:07+00:00\" \/>\n<meta name=\"twitter:card\" content=\"summary_large_image\" \/>\n<meta name=\"twitter:label1\" content=\"Estimated reading time\" \/>\n\t<meta name=\"twitter:data1\" content=\"3 minutes\" \/>\n<script type=\"application\/ld+json\" class=\"yoast-schema-graph\">{\"@context\":\"https:\/\/schema.org\",\"@graph\":[{\"@type\":\"WebPage\",\"@id\":\"https:\/\/atriun.com\/administracion-de-fincas\/\",\"url\":\"https:\/\/atriun.com\/administracion-de-fincas\/\",\"name\":\"Administraci\u00f3n de Fincas - Atriun Asesores\",\"isPartOf\":{\"@id\":\"https:\/\/atriun.com\/#website\"},\"datePublished\":\"2023-07-27T12:43:14+00:00\",\"dateModified\":\"2023-08-30T07:18:07+00:00\",\"description\":\"En Atriun Asesores contamos con un equipo dispuestos a darle a su comunidad de propietarios unos servicios de administraci\u00f3n de fincas.\",\"breadcrumb\":{\"@id\":\"https:\/\/atriun.com\/administracion-de-fincas\/#breadcrumb\"},\"inLanguage\":\"en-GB\",\"potentialAction\":[{\"@type\":\"ReadAction\",\"target\":[\"https:\/\/atriun.com\/administracion-de-fincas\/\"]}]},{\"@type\":\"BreadcrumbList\",\"@id\":\"https:\/\/atriun.com\/administracion-de-fincas\/#breadcrumb\",\"itemListElement\":[{\"@type\":\"ListItem\",\"position\":1,\"name\":\"Portada\",\"item\":\"https:\/\/atriun.com\/en\/\"},{\"@type\":\"ListItem\",\"position\":2,\"name\":\"Administraci\u00f3n de Fincas\"}]},{\"@type\":\"WebSite\",\"@id\":\"https:\/\/atriun.com\/#website\",\"url\":\"https:\/\/atriun.com\/\",\"name\":\"Atriun Asesores\",\"description\":\"Tu asesor\u00eda de confianza\",\"potentialAction\":[{\"@type\":\"SearchAction\",\"target\":{\"@type\":\"EntryPoint\",\"urlTemplate\":\"https:\/\/atriun.com\/?s={search_term_string}\"},\"query-input\":{\"@type\":\"PropertyValueSpecification\",\"valueRequired\":true,\"valueName\":\"search_term_string\"}}],\"inLanguage\":\"en-GB\"}]}<\/script>\n<!-- \/ Yoast SEO plugin. -->","yoast_head_json":{"title":"Administraci\u00f3n de Fincas - Atriun Asesores","description":"En Atriun Asesores contamos con un equipo dispuestos a darle a su comunidad de propietarios unos servicios de administraci\u00f3n de fincas.","robots":{"index":"index","follow":"follow","max-snippet":"max-snippet:-1","max-image-preview":"max-image-preview:large","max-video-preview":"max-video-preview:-1"},"canonical":"https:\/\/atriun.com\/en\/administracion-de-fincas\/","og_locale":"en_GB","og_type":"article","og_title":"Administraci\u00f3n de Fincas - Atriun Asesores","og_description":"En Atriun Asesores contamos con un equipo dispuestos a darle a su comunidad de propietarios unos servicios de administraci\u00f3n de fincas.","og_url":"https:\/\/atriun.com\/en\/administracion-de-fincas\/","og_site_name":"Atriun Asesores","article_modified_time":"2023-08-30T07:18:07+00:00","twitter_card":"summary_large_image","twitter_misc":{"Estimated reading time":"3 minutes"},"schema":{"@context":"https:\/\/schema.org","@graph":[{"@type":"WebPage","@id":"https:\/\/atriun.com\/administracion-de-fincas\/","url":"https:\/\/atriun.com\/administracion-de-fincas\/","name":"Administraci\u00f3n de Fincas - Atriun Asesores","isPartOf":{"@id":"https:\/\/atriun.com\/#website"},"datePublished":"2023-07-27T12:43:14+00:00","dateModified":"2023-08-30T07:18:07+00:00","description":"En Atriun Asesores contamos con un equipo dispuestos a darle a su comunidad de propietarios unos servicios de administraci\u00f3n de fincas.","breadcrumb":{"@id":"https:\/\/atriun.com\/administracion-de-fincas\/#breadcrumb"},"inLanguage":"en-GB","potentialAction":[{"@type":"ReadAction","target":["https:\/\/atriun.com\/administracion-de-fincas\/"]}]},{"@type":"BreadcrumbList","@id":"https:\/\/atriun.com\/administracion-de-fincas\/#breadcrumb","itemListElement":[{"@type":"ListItem","position":1,"name":"Portada","item":"https:\/\/atriun.com\/en\/"},{"@type":"ListItem","position":2,"name":"Administraci\u00f3n de Fincas"}]},{"@type":"WebSite","@id":"https:\/\/atriun.com\/#website","url":"https:\/\/atriun.com\/","name":"Atriun Asesores","description":"Your Trusted Advisory","potentialAction":[{"@type":"SearchAction","target":{"@type":"EntryPoint","urlTemplate":"https:\/\/atriun.com\/?s={search_term_string}"},"query-input":{"@type":"PropertyValueSpecification","valueRequired":true,"valueName":"search_term_string"}}],"inLanguage":"en-GB"}]}},"_links":{"self":[{"href":"https:\/\/atriun.com\/en\/wp-json\/wp\/v2\/pages\/151","targetHints":{"allow":["GET"]}}],"collection":[{"href":"https:\/\/atriun.com\/en\/wp-json\/wp\/v2\/pages"}],"about":[{"href":"https:\/\/atriun.com\/en\/wp-json\/wp\/v2\/types\/page"}],"author":[{"embeddable":true,"href":"https:\/\/atriun.com\/en\/wp-json\/wp\/v2\/users\/2"}],"replies":[{"embeddable":true,"href":"https:\/\/atriun.com\/en\/wp-json\/wp\/v2\/comments?post=151"}],"version-history":[{"count":11,"href":"https:\/\/atriun.com\/en\/wp-json\/wp\/v2\/pages\/151\/revisions"}],"predecessor-version":[{"id":489,"href":"https:\/\/atriun.com\/en\/wp-json\/wp\/v2\/pages\/151\/revisions\/489"}],"wp:attachment":[{"href":"https:\/\/atriun.com\/en\/wp-json\/wp\/v2\/media?parent=151"}],"curies":[{"name":"wp","href":"https:\/\/api.w.org\/{rel}","templated":true}]}}