{"id":144,"date":"2023-07-27T12:35:56","date_gmt":"2023-07-27T12:35:56","guid":{"rendered":"https:\/\/atriun.es\/?page_id=144"},"modified":"2023-08-30T07:17:01","modified_gmt":"2023-08-30T07:17:01","slug":"fiscal-mercantil-y-tributaria","status":"publish","type":"page","link":"https:\/\/atriun.com\/en\/fiscal-mercantil-y-tributaria\/","title":{"rendered":"Fiscal, commercial and tax area"},"content":{"rendered":"<p>[et_pb_section fb_built=\u00bb1&#8243; _builder_version=\u00bb4.21.0&#8243; _module_preset=\u00bbdefault\u00bb background_color=\u00bbrgba(0,0,0,0.14)\u00bb background_image=\u00bbhttps:\/\/atriun.com\/wp-content\/uploads\/2023\/08\/portada-areas-trabajo.jpeg\u00bb background_blend=\u00bboverlay\u00bb bottom_divider_style=\u00bbcurve\u00bb bottom_divider_color=\u00bb#f59050&#8243; bottom_divider_height=\u00bb60px\u00bb global_colors_info=\u00bb{}\u00bb][et_pb_row _builder_version=\u00bb4.21.0&#8243; _module_preset=\u00bbdefault\u00bb global_colors_info=\u00bb{}\u00bb][et_pb_column type=\u00bb4_4&#8243; _builder_version=\u00bb4.21.0&#8243; _module_preset=\u00bbdefault\u00bb global_colors_info=\u00bb{}\u00bb][et_pb_text _builder_version=\u00bb4.21.0&#8243; _module_preset=\u00bbdefault\u00bb global_colors_info=\u00bb{}\u00bb][\/et_pb_text][et_pb_text _builder_version=\u00bb4.21.0&#8243; _module_preset=\u00bbdefault\u00bb global_colors_info=\u00bb{}\u00bb][\/et_pb_text][\/et_pb_column][\/et_pb_row][\/et_pb_section][et_pb_section fb_built=\u00bb1&#8243; _builder_version=\u00bb4.21.0&#8243; _module_preset=\u00bbdefault\u00bb background_color=\u00bbrgba(130,130,130,0.16)\u00bb custom_padding=\u00bb||39px|||\u00bb top_divider_style=\u00bbwave\u00bb top_divider_color=\u00bb#f59050&#8243; top_divider_height=\u00bb60px\u00bb global_colors_info=\u00bb{}\u00bb][et_pb_row _builder_version=\u00bb4.21.0&#8243; _module_preset=\u00bbdefault\u00bb global_colors_info=\u00bb{}\u00bb][et_pb_column type=\u00bb4_4&#8243; _builder_version=\u00bb4.21.0&#8243; _module_preset=\u00bbdefault\u00bb global_colors_info=\u00bb{}\u00bb][et_pb_text _builder_version=\u00bb4.21.0&#8243; _module_preset=\u00bbdefault\u00bb global_colors_info=\u00bb{}\u00bb]<\/p>\n<h1>\u00c1REA FISCAL, MERCANTIL Y TRIBUTARIA<\/h1>\n<p>[\/et_pb_text][\/et_pb_column][\/et_pb_row][et_pb_row _builder_version=\u00bb4.21.0&#8243; _module_preset=\u00bbdefault\u00bb global_colors_info=\u00bb{}\u00bb][et_pb_column type=\u00bb4_4&#8243; _builder_version=\u00bb4.21.0&#8243; _module_preset=\u00bbdefault\u00bb global_colors_info=\u00bb{}\u00bb][et_pb_image src=\u00bbhttps:\/\/atriun.com\/wp-content\/uploads\/2023\/08\/fiscal-mercantil-tributaria.jpeg\u00bb alt=\u00bbarea fiscal mercantil y tributaria\u00bb title_text=\u00bbfiscal-mercantil-tributaria\u00bb align=\u00bbcenter\u00bb _builder_version=\u00bb4.21.0&#8243; _module_preset=\u00bbdefault\u00bb border_radii=\u00bbon|50px|50px|50px|50px\u00bb global_colors_info=\u00bb{}\u00bb][\/et_pb_image][\/et_pb_column][\/et_pb_row][et_pb_row column_structure=\u00bb1_2,1_2&#8243; _builder_version=\u00bb4.21.0&#8243; _module_preset=\u00bbdefault\u00bb custom_margin=\u00bb9px|auto||auto||\u00bb custom_padding=\u00bb||5px|||\u00bb global_colors_info=\u00bb{}\u00bb][et_pb_column type=\u00bb1_2&#8243; _builder_version=\u00bb4.21.0&#8243; _module_preset=\u00bbdefault\u00bb global_colors_info=\u00bb{}\u00bb][et_pb_image src=\u00bbhttps:\/\/atriun.com\/wp-content\/uploads\/2023\/07\/fmt.png\u00bb alt=\u00bbicono area fiscal mercantil tributaria\u00bb title_text=\u00bbfmt\u00bb align=\u00bbcenter\u00bb _builder_version=\u00bb4.21.0&#8243; _module_preset=\u00bbdefault\u00bb width=\u00bb50%\u00bb global_colors_info=\u00bb{}\u00bb][\/et_pb_image][\/et_pb_column][et_pb_column type=\u00bb1_2&#8243; _builder_version=\u00bb4.21.0&#8243; _module_preset=\u00bbdefault\u00bb global_colors_info=\u00bb{}\u00bb][et_pb_text _builder_version=\u00bb4.21.0&#8243; _module_preset=\u00bbdefault\u00bb global_colors_info=\u00bb{}\u00bb]<\/p>\n<p><span>En el \u00e1rea Fiscal, Mercantil y Tributaria le planificamos fiscalmente la empresa para que, dentro de la legalidad vigente, pueda aprovechar las ventajas fiscales existentes. La preparaci\u00f3n t\u00e9cnica de nuestros profesionales les asegura la m\u00e1xima seguridad y confidencialidad en el asesoramiento de empresas y patrimonios.<\/span><\/p>\n<p><span>Desarrollamos la m\u00e1s completa gesti\u00f3n para la peque\u00f1a y mediana empresa, desde la cumplimentaci\u00f3n de los formularios necesarios para la constituci\u00f3n y comienzo de la actividad, hasta los tr\u00e1mites necesarios para el desarrollo de la misma.<\/span><\/p>\n<p>[\/et_pb_text][\/et_pb_column][\/et_pb_row][et_pb_row column_structure=\u00bb1_2,1_2&#8243; _builder_version=\u00bb4.21.0&#8243; _module_preset=\u00bbdefault\u00bb custom_margin=\u00bb11px|auto||auto||\u00bb custom_padding=\u00bb11px|||||\u00bb global_colors_info=\u00bb{}\u00bb][et_pb_column type=\u00bb1_2&#8243; _builder_version=\u00bb4.21.0&#8243; _module_preset=\u00bbdefault\u00bb global_colors_info=\u00bb{}\u00bb][et_pb_text _builder_version=\u00bb4.21.0&#8243; _module_preset=\u00bbdefault\u00bb global_colors_info=\u00bb{}\u00bb]<\/p>\n<h2 style=\"text-align: center;\">CONOCE NUESTROS SERVICIOS<\/h2>\n<p>[\/et_pb_text][et_pb_accordion open_toggle_background_color=\u00bbrgba(130,130,130,0.16)\u00bb closed_toggle_background_color=\u00bbrgba(130,130,130,0.16)\u00bb toggle_icon=\u00bb&#xe0f7;||divi||400&#8243; icon_color=\u00bb#000000&#8243; _builder_version=\u00bb4.21.0&#8243; _module_preset=\u00bbdefault\u00bb global_colors_info=\u00bb{}\u00bb][et_pb_accordion_item title=\u00bbConstituci\u00f3n y Alta de Empresas\u00bb open=\u00bbon\u00bb _builder_version=\u00bb4.21.0&#8243; _module_preset=\u00bbdefault\u00bb global_colors_info=\u00bb{}\u00bb]<\/p>\n<p><span>Personas F\u00edsicas<\/span><\/p>\n<ul class=\"lista\">\n<li>Alta en el Impuesto de Actividades Econ\u00f3micas (I.A.E)<\/li>\n<li>Alta en obligaciones fiscales (modelo 036)<\/li>\n<li>Alta en R\u00e9gimen Especial de trabajadores Aut\u00f3nomos (R.E.T.A)<\/li>\n<\/ul>\n<p><span>Personas Jur\u00eddicas<\/span><\/p>\n<p><span><\/span><\/p>\n<ul class=\"lista\">\n<li>Elaboraci\u00f3n de Estatutos de Sociedades Limitadas, An\u00f3nimas, Laborales, Cooperativas, Civiles y Comunidades de Bienes.<\/li>\n<li>Legalizaci\u00f3n de las escrituras ante Notario, Registro Mercantil y Junta de Andaluc\u00eda.<\/li>\n<li>Solicitud del N\u00famero de Identificaci\u00f3n Fiscal (NIF) y alta en obligaciones fiscales ante la Agencia Estatal de Administraci\u00f3n Tributaria (A.E.A.T)<\/li>\n<\/ul>\n<p>[\/et_pb_accordion_item][et_pb_accordion_item title=\u00bbImpuestos sobre Sociedades\u00bb _builder_version=\u00bb4.21.0&#8243; _module_preset=\u00bbdefault\u00bb global_colors_info=\u00bb{}\u00bb open=\u00bboff\u00bb]<\/p>\n<ul class=\"lista\">\n<li>Desarrollo y cumplimentaci\u00f3n del I.S.<\/li>\n<li>Optimizaci\u00f3n de cr\u00e9ditos fiscales. Cierre del ejercicio.<\/li>\n<li>Incluye otros reg\u00edmenes especiales con singular atenci\u00f3n a las sociedades Patrimoniales.<\/li>\n<\/ul>\n<p>[\/et_pb_accordion_item][et_pb_accordion_item title=\u00bbIRPF\u00bb _builder_version=\u00bb4.21.0&#8243; _module_preset=\u00bbdefault\u00bb global_colors_info=\u00bb{}\u00bb open=\u00bboff\u00bb]<\/p>\n<div id=\"tabs_panes\">\n<div>\n<p>An\u00e1lisis y planificaci\u00f3n fiscal tanto de I.R.P.F. como I.P. para obtener las mayores deducciones y desgravaciones.<\/p>\n<\/div>\n<\/div>\n<div id=\"tabs_nav\"><\/div>\n<p>[\/et_pb_accordion_item][et_pb_accordion_item title=\u00bbIVA, Impuestos Especiales y Aduanas\u00bb _builder_version=\u00bb4.21.0&#8243; _module_preset=\u00bbdefault\u00bb global_colors_info=\u00bb{}\u00bb open=\u00bboff\u00bb]<\/p>\n<ul class=\"lista\">\n<li>R\u00e9gimen de prorrata.<\/li>\n<li>Importaciones y exportaciones.<\/li>\n<li>Operaciones intracomunitarias.<\/li>\n<li>Reg\u00edmenes especiales.<\/li>\n<li>Devoluciones de IVA.<\/li>\n<\/ul>\n<p>[\/et_pb_accordion_item][et_pb_accordion_item title=\u00bbImpuestos de Transmisiones Patrimoniales y Actos Jur\u00eddicos Documentados\u00bb _builder_version=\u00bb4.21.0&#8243; _module_preset=\u00bbdefault\u00bb global_colors_info=\u00bb{}\u00bb open=\u00bboff\u00bb]<\/p>\n<ul class=\"lista\">\n<li>Liquidaci\u00f3n ITP operaciones Inmobiliarias<\/li>\n<li>Renuncia a la exenci\u00f3n de IVA.<\/li>\n<li>Tributaci\u00f3n por AJD<\/li>\n<\/ul>\n<p>[\/et_pb_accordion_item][et_pb_accordion_item title=\u00bbFundaciones y Entidades sin fines lucrativos\u00bb _builder_version=\u00bb4.21.0&#8243; _module_preset=\u00bbdefault\u00bb global_colors_info=\u00bb{}\u00bb open=\u00bboff\u00bb]<\/p>\n<ul class=\"lista\">\n<li>Opci\u00f3n por el r\u00e9gimen fiscal especial del IS.<\/li>\n<li>Incentivos fiscales.<\/li>\n<li>Prorrata de IVA.<\/li>\n<li>Gesti\u00f3n con la Administraci\u00f3n.<\/li>\n<\/ul>\n<p>[\/et_pb_accordion_item][et_pb_accordion_item title=\u00bbImpuestos sobre Sucesiones y Donaciones\u00bb _builder_version=\u00bb4.21.0&#8243; _module_preset=\u00bbdefault\u00bb global_colors_info=\u00bb{}\u00bb open=\u00bboff\u00bb]<\/p>\n<ul class=\"lista\">\n<li>Bonificaci\u00f3n y exenci\u00f3n del Impuesto.<\/li>\n<li>Planificaci\u00f3n de la Sucesi\u00f3n.<\/li>\n<\/ul>\n<p>[\/et_pb_accordion_item][et_pb_accordion_item title=\u00bbProcedimiento Tributario\u00bb _builder_version=\u00bb4.21.0&#8243; _module_preset=\u00bbdefault\u00bb global_colors_info=\u00bb{}\u00bb open=\u00bboff\u00bb]<\/p>\n<ul class=\"lista\">\n<li>Procedimiento recaudatorio y sancionador.<\/li>\n<li>Inspecciones tributarias representaciones fiscales<\/li>\n<li>Comprobaci\u00f3n de los distintos tributos.<\/li>\n<li>Reclamaciones y recursos econ\u00f3mico-administrativos.<\/li>\n<li>Fraccionamiento y aplazamientos de pago.<\/li>\n<li>Reclamaci\u00f3n de ingresos indebidos.<\/li>\n<\/ul>\n<p>[\/et_pb_accordion_item][et_pb_accordion_item title=\u00bbDeclaraciones\u00bb _builder_version=\u00bb4.21.0&#8243; _module_preset=\u00bbdefault\u00bb global_colors_info=\u00bb{}\u00bb open=\u00bboff\u00bb]<\/p>\n<p><span>Nos ocupamos de la preparaci\u00f3n de declaraciones de impuestos y obligaciones de Informaci\u00f3n de la empresa con la Administraci\u00f3n Tributaria y dem\u00e1s organismos oficiales.<\/span><\/p>\n<p><span>Elaboraci\u00f3n de declaraciones fiscales y solicitud de certificados de la empresa u del profesional aut\u00f3nomo.<\/span><\/p>\n<ul class=\"lista\">\n<li>IRPF.<\/li>\n<li>IVA.<\/li>\n<li>Declaraci\u00f3n anual de operaciones.<\/li>\n<li>Impuesto sobre Sociedades.<\/li>\n<li>Pagos a cuenta de Sociedades.<\/li>\n<li>Impuestos especiales.<\/li>\n<li>Patrimonio.<\/li>\n<li>Declaraciones Intrastat.<\/li>\n<li>Certificados de estar al corriente, en las obligaciones tributarias.<\/li>\n<\/ul>\n<p>[\/et_pb_accordion_item][\/et_pb_accordion][\/et_pb_column][et_pb_column type=\u00bb1_2&#8243; _builder_version=\u00bb4.21.0&#8243; _module_preset=\u00bbdefault\u00bb global_colors_info=\u00bb{}\u00bb][et_pb_text _builder_version=\u00bb4.21.0&#8243; _module_preset=\u00bbdefault\u00bb global_colors_info=\u00bb{}\u00bb]<\/p>\n<h2 style=\"text-align: center;\">SI NECESITAS CONTACTAR<\/h2>\n<p>[\/et_pb_text][et_pb_button button_url=\u00bbhttps:\/\/atriun.com\/contacto\/\u00bb button_text=\u00bbContacto\u00bb button_alignment=\u00bbcenter\u00bb _builder_version=\u00bb4.21.0&#8243; _module_preset=\u00bbdefault\u00bb custom_button=\u00bbon\u00bb button_text_color=\u00bb#000000&#8243; button_border_radius=\u00bb25px\u00bb button_icon=\u00bb&#xe087;||divi||400&#8243; hover_enabled=\u00bb0&#8243; global_colors_info=\u00bb{}\u00bb sticky_enabled=\u00bb0&#8243;][\/et_pb_button][et_pb_tabs _builder_version=\u00bb4.21.0&#8243; _module_preset=\u00bbdefault\u00bb global_colors_info=\u00bb{}\u00bb][et_pb_tab title=\u00bbLL\u00c1MANOS\u00bb _builder_version=\u00bb4.21.0&#8243; _module_preset=\u00bbdefault\u00bb background_color=\u00bbrgba(130,130,130,0.16)\u00bb background_enable_color=\u00bbon\u00bb global_colors_info=\u00bb{}\u00bb]<\/p>\n<p>No lo dudes y ll\u00e1manos. Te informaremos sin compromiso.<\/p>\n<p><a href=\"tel:+34956251347\"><span>956 251 347<\/span><\/a><\/p>\n<p>[\/et_pb_tab][et_pb_tab title=\u00bbENV\u00cdANOS UN CORREO\u00bb _builder_version=\u00bb4.21.0&#8243; _module_preset=\u00bbdefault\u00bb background_color=\u00bbrgba(130,130,130,0.16)\u00bb background_enable_color=\u00bbon\u00bb global_colors_info=\u00bb{}\u00bb]<\/p>\n<p>Si necesitas m\u00e1s informaci\u00f3n puedes enviarnos un correo electr\u00f3nico a:<\/p>\n<p><a href=\"mailto:info@atriun.com\">info@atriun.com<\/a><\/p>\n<p>[\/et_pb_tab][et_pb_tab title=\u00bbVIS\u00cdTANOS\u00bb _builder_version=\u00bb4.21.0&#8243; _module_preset=\u00bbdefault\u00bb background_color=\u00bbrgba(130,130,130,0.16)\u00bb background_enable_color=\u00bbon\u00bb global_colors_info=\u00bb{}\u00bb]<\/p>\n<p>Visita nuestra oficina en C\u00e1diz<\/p>\n<p>Estamos en Calle Parlamento 13, 2\u00ba Derecha<\/p>\n<p>Si necesitas ayuda para encontrarnos pulsa <a href=\"https:\/\/goo.gl\/maps\/KRyM47skoae9FMpU9\">AQU\u00cd<\/a><\/p>\n<p>[\/et_pb_tab][\/et_pb_tabs][\/et_pb_column][\/et_pb_row][\/et_pb_section][et_pb_section fb_built=\u00bb1&#8243; _builder_version=\u00bb4.21.0&#8243; _module_preset=\u00bbdefault\u00bb background_color=\u00bbrgba(130,130,130,0.16)\u00bb custom_padding=\u00bb11px||9px|||\u00bb global_colors_info=\u00bb{}\u00bb][et_pb_row column_structure=\u00bb1_2,1_2&#8243; _builder_version=\u00bb4.21.0&#8243; _module_preset=\u00bbdefault\u00bb custom_padding=\u00bb18px|||||\u00bb global_colors_info=\u00bb{}\u00bb][et_pb_column type=\u00bb1_2&#8243; _builder_version=\u00bb4.21.0&#8243; _module_preset=\u00bbdefault\u00bb global_colors_info=\u00bb{}\u00bb][et_pb_image src=\u00bbhttps:\/\/atriun.com\/wp-content\/uploads\/2023\/07\/publi1.png\u00bb alt=\u00bbpublicidad atriun asesores\u00bb title_text=\u00bbpubli1&#8243; align=\u00bbcenter\u00bb _builder_version=\u00bb4.21.0&#8243; _module_preset=\u00bbdefault\u00bb width=\u00bb50%\u00bb global_colors_info=\u00bb{}\u00bb][\/et_pb_image][\/et_pb_column][et_pb_column type=\u00bb1_2&#8243; _builder_version=\u00bb4.21.0&#8243; _module_preset=\u00bbdefault\u00bb global_colors_info=\u00bb{}\u00bb][et_pb_image src=\u00bbhttps:\/\/atriun.com\/wp-content\/uploads\/2023\/07\/publi3.png\u00bb alt=\u00bbeuropa atriun asesores\u00bb title_text=\u00bbpubli3&#8243; align=\u00bbcenter\u00bb _builder_version=\u00bb4.21.0&#8243; _module_preset=\u00bbdefault\u00bb width=\u00bb50%\u00bb global_colors_info=\u00bb{}\u00bb][\/et_pb_image][\/et_pb_column][\/et_pb_row][et_pb_row _builder_version=\u00bb4.21.0&#8243; _module_preset=\u00bbdefault\u00bb custom_margin=\u00bb-33px|auto||auto||\u00bb custom_padding=\u00bb0px||6px|||\u00bb global_colors_info=\u00bb{}\u00bb][et_pb_column type=\u00bb4_4&#8243; _builder_version=\u00bb4.21.0&#8243; _module_preset=\u00bbdefault\u00bb global_colors_info=\u00bb{}\u00bb][et_pb_text _builder_version=\u00bb4.21.0&#8243; _module_preset=\u00bbdefault\u00bb global_colors_info=\u00bb{}\u00bb]<\/p>\n<p style=\"text-align: center;\"><span>Financiado por la Uni\u00f3n Europea \u2013 NextGenerationEU<\/span><\/p>\n<p>[\/et_pb_text][\/et_pb_column][\/et_pb_row][\/et_pb_section]<\/p>\n","protected":false},"excerpt":{"rendered":"<p>\u00c1REA FISCAL, MERCANTIL Y TRIBUTARIAEn el \u00e1rea Fiscal, Mercantil y Tributaria le planificamos fiscalmente la empresa para que, dentro de la legalidad vigente, pueda aprovechar las ventajas fiscales existentes. La preparaci\u00f3n t\u00e9cnica de nuestros profesionales les asegura la m\u00e1xima seguridad y confidencialidad en el asesoramiento de empresas y patrimonios. Desarrollamos la m\u00e1s completa gesti\u00f3n para [&hellip;]<\/p>\n","protected":false},"author":2,"featured_media":0,"parent":0,"menu_order":0,"comment_status":"closed","ping_status":"closed","template":"","meta":{"_et_pb_use_builder":"on","_et_pb_old_content":"","_et_gb_content_width":"","footnotes":""},"class_list":["post-144","page","type-page","status-publish","hentry"],"yoast_head":"<!-- This site is optimized with the Yoast SEO plugin v27.1.1 - https:\/\/yoast.com\/product\/yoast-seo-wordpress\/ -->\n<title>Fiscal, Mercantil Tributaria - Atriun Asesores<\/title>\n<meta name=\"description\" content=\"En el \u00e1rea Fiscal, Mercantil y Tributaria le planificamos fiscalmente la empresa para quepueda aprovechar las ventajas fiscales existentes.\" \/>\n<meta name=\"robots\" content=\"index, follow, max-snippet:-1, max-image-preview:large, max-video-preview:-1\" \/>\n<link rel=\"canonical\" href=\"https:\/\/atriun.com\/en\/fiscal-mercantil-y-tributaria\/\" \/>\n<meta property=\"og:locale\" content=\"en_GB\" \/>\n<meta property=\"og:type\" content=\"article\" \/>\n<meta property=\"og:title\" content=\"Fiscal, Mercantil Tributaria - Atriun Asesores\" \/>\n<meta property=\"og:description\" content=\"En el \u00e1rea Fiscal, Mercantil y Tributaria le planificamos fiscalmente la empresa para quepueda aprovechar las ventajas fiscales existentes.\" \/>\n<meta property=\"og:url\" content=\"https:\/\/atriun.com\/en\/fiscal-mercantil-y-tributaria\/\" \/>\n<meta property=\"og:site_name\" content=\"Atriun Asesores\" \/>\n<meta property=\"article:modified_time\" content=\"2023-08-30T07:17:01+00:00\" \/>\n<meta name=\"twitter:card\" content=\"summary_large_image\" \/>\n<meta name=\"twitter:label1\" content=\"Estimated reading time\" \/>\n\t<meta name=\"twitter:data1\" content=\"4 minutes\" \/>\n<script type=\"application\/ld+json\" class=\"yoast-schema-graph\">{\"@context\":\"https:\/\/schema.org\",\"@graph\":[{\"@type\":\"WebPage\",\"@id\":\"https:\/\/atriun.com\/fiscal-mercantil-y-tributaria\/\",\"url\":\"https:\/\/atriun.com\/fiscal-mercantil-y-tributaria\/\",\"name\":\"Fiscal, Mercantil Tributaria - Atriun Asesores\",\"isPartOf\":{\"@id\":\"https:\/\/atriun.com\/#website\"},\"datePublished\":\"2023-07-27T12:35:56+00:00\",\"dateModified\":\"2023-08-30T07:17:01+00:00\",\"description\":\"En el \u00e1rea Fiscal, Mercantil y Tributaria le planificamos fiscalmente la empresa para quepueda aprovechar las ventajas fiscales existentes.\",\"breadcrumb\":{\"@id\":\"https:\/\/atriun.com\/fiscal-mercantil-y-tributaria\/#breadcrumb\"},\"inLanguage\":\"en-GB\",\"potentialAction\":[{\"@type\":\"ReadAction\",\"target\":[\"https:\/\/atriun.com\/fiscal-mercantil-y-tributaria\/\"]}]},{\"@type\":\"BreadcrumbList\",\"@id\":\"https:\/\/atriun.com\/fiscal-mercantil-y-tributaria\/#breadcrumb\",\"itemListElement\":[{\"@type\":\"ListItem\",\"position\":1,\"name\":\"Portada\",\"item\":\"https:\/\/atriun.com\/en\/\"},{\"@type\":\"ListItem\",\"position\":2,\"name\":\"Fiscal, Mercantil Tributaria\"}]},{\"@type\":\"WebSite\",\"@id\":\"https:\/\/atriun.com\/#website\",\"url\":\"https:\/\/atriun.com\/\",\"name\":\"Atriun Asesores\",\"description\":\"Tu asesor\u00eda de confianza\",\"potentialAction\":[{\"@type\":\"SearchAction\",\"target\":{\"@type\":\"EntryPoint\",\"urlTemplate\":\"https:\/\/atriun.com\/?s={search_term_string}\"},\"query-input\":{\"@type\":\"PropertyValueSpecification\",\"valueRequired\":true,\"valueName\":\"search_term_string\"}}],\"inLanguage\":\"en-GB\"}]}<\/script>\n<!-- \/ Yoast SEO plugin. -->","yoast_head_json":{"title":"Fiscal, Mercantil Tributaria - Atriun Asesores","description":"En el \u00e1rea Fiscal, Mercantil y Tributaria le planificamos fiscalmente la empresa para quepueda aprovechar las ventajas fiscales existentes.","robots":{"index":"index","follow":"follow","max-snippet":"max-snippet:-1","max-image-preview":"max-image-preview:large","max-video-preview":"max-video-preview:-1"},"canonical":"https:\/\/atriun.com\/en\/fiscal-mercantil-y-tributaria\/","og_locale":"en_GB","og_type":"article","og_title":"Fiscal, Mercantil Tributaria - Atriun Asesores","og_description":"En el \u00e1rea Fiscal, Mercantil y Tributaria le planificamos fiscalmente la empresa para quepueda aprovechar las ventajas fiscales existentes.","og_url":"https:\/\/atriun.com\/en\/fiscal-mercantil-y-tributaria\/","og_site_name":"Atriun Asesores","article_modified_time":"2023-08-30T07:17:01+00:00","twitter_card":"summary_large_image","twitter_misc":{"Estimated reading time":"4 minutes"},"schema":{"@context":"https:\/\/schema.org","@graph":[{"@type":"WebPage","@id":"https:\/\/atriun.com\/fiscal-mercantil-y-tributaria\/","url":"https:\/\/atriun.com\/fiscal-mercantil-y-tributaria\/","name":"Fiscal, Mercantil Tributaria - Atriun Asesores","isPartOf":{"@id":"https:\/\/atriun.com\/#website"},"datePublished":"2023-07-27T12:35:56+00:00","dateModified":"2023-08-30T07:17:01+00:00","description":"En el \u00e1rea Fiscal, Mercantil y Tributaria le planificamos fiscalmente la empresa para quepueda aprovechar las ventajas fiscales existentes.","breadcrumb":{"@id":"https:\/\/atriun.com\/fiscal-mercantil-y-tributaria\/#breadcrumb"},"inLanguage":"en-GB","potentialAction":[{"@type":"ReadAction","target":["https:\/\/atriun.com\/fiscal-mercantil-y-tributaria\/"]}]},{"@type":"BreadcrumbList","@id":"https:\/\/atriun.com\/fiscal-mercantil-y-tributaria\/#breadcrumb","itemListElement":[{"@type":"ListItem","position":1,"name":"Portada","item":"https:\/\/atriun.com\/en\/"},{"@type":"ListItem","position":2,"name":"Fiscal, Mercantil Tributaria"}]},{"@type":"WebSite","@id":"https:\/\/atriun.com\/#website","url":"https:\/\/atriun.com\/","name":"Atriun Asesores","description":"Your Trusted Advisory","potentialAction":[{"@type":"SearchAction","target":{"@type":"EntryPoint","urlTemplate":"https:\/\/atriun.com\/?s={search_term_string}"},"query-input":{"@type":"PropertyValueSpecification","valueRequired":true,"valueName":"search_term_string"}}],"inLanguage":"en-GB"}]}},"_links":{"self":[{"href":"https:\/\/atriun.com\/en\/wp-json\/wp\/v2\/pages\/144","targetHints":{"allow":["GET"]}}],"collection":[{"href":"https:\/\/atriun.com\/en\/wp-json\/wp\/v2\/pages"}],"about":[{"href":"https:\/\/atriun.com\/en\/wp-json\/wp\/v2\/types\/page"}],"author":[{"embeddable":true,"href":"https:\/\/atriun.com\/en\/wp-json\/wp\/v2\/users\/2"}],"replies":[{"embeddable":true,"href":"https:\/\/atriun.com\/en\/wp-json\/wp\/v2\/comments?post=144"}],"version-history":[{"count":14,"href":"https:\/\/atriun.com\/en\/wp-json\/wp\/v2\/pages\/144\/revisions"}],"predecessor-version":[{"id":487,"href":"https:\/\/atriun.com\/en\/wp-json\/wp\/v2\/pages\/144\/revisions\/487"}],"wp:attachment":[{"href":"https:\/\/atriun.com\/en\/wp-json\/wp\/v2\/media?parent=144"}],"curies":[{"name":"wp","href":"https:\/\/api.w.org\/{rel}","templated":true}]}}