{"id":140,"date":"2023-07-27T12:33:20","date_gmt":"2023-07-27T12:33:20","guid":{"rendered":"https:\/\/atriun.es\/?page_id=140"},"modified":"2023-08-29T11:13:59","modified_gmt":"2023-08-29T11:13:59","slug":"areas-de-trabajo","status":"publish","type":"page","link":"https:\/\/atriun.com\/en\/areas-de-trabajo\/","title":{"rendered":"Working Areas"},"content":{"rendered":"<p>[et_pb_section fb_built=\u00bb1&#8243; _builder_version=\u00bb4.21.0&#8243; _module_preset=\u00bbdefault\u00bb background_color=\u00bbrgba(0,0,0,0.43)\u00bb background_image=\u00bbhttps:\/\/atriun.com\/wp-content\/uploads\/2023\/08\/portada-areas-trabajo.jpeg\u00bb background_blend=\u00bboverlay\u00bb bottom_divider_style=\u00bbcurve\u00bb bottom_divider_color=\u00bb#f59050&#8243; bottom_divider_height=\u00bb60px\u00bb hover_enabled=\u00bb0&#8243; global_colors_info=\u00bb{}\u00bb alt=\u00bbareas de trabajo\u00bb title_text=\u00bbportada-areas-trabajo\u00bb sticky_enabled=\u00bb0&#8243;][et_pb_row _builder_version=\u00bb4.21.0&#8243; _module_preset=\u00bbdefault\u00bb global_colors_info=\u00bb{}\u00bb][et_pb_column type=\u00bb4_4&#8243; _builder_version=\u00bb4.21.0&#8243; _module_preset=\u00bbdefault\u00bb global_colors_info=\u00bb{}\u00bb][et_pb_text _builder_version=\u00bb4.21.0&#8243; _module_preset=\u00bbdefault\u00bb global_colors_info=\u00bb{}\u00bb][\/et_pb_text][et_pb_text _builder_version=\u00bb4.21.0&#8243; _module_preset=\u00bbdefault\u00bb header_text_color=\u00bb#FFFFFF\u00bb global_colors_info=\u00bb{}\u00bb]<\/p>\n<h1 style=\"text-align: center;\"><strong>\u00c1REAS DE TRABAJO<\/strong><\/h1>\n<p>[\/et_pb_text][et_pb_text _builder_version=\u00bb4.21.0&#8243; _module_preset=\u00bbdefault\u00bb global_colors_info=\u00bb{}\u00bb][\/et_pb_text][\/et_pb_column][\/et_pb_row][\/et_pb_section][et_pb_section fb_built=\u00bb1&#8243; _builder_version=\u00bb4.21.0&#8243; _module_preset=\u00bbdefault\u00bb background_color=\u00bbrgba(130,130,130,0.16)\u00bb custom_padding=\u00bb19px||32px|||\u00bb top_divider_style=\u00bbwave\u00bb top_divider_color=\u00bb#f59050&#8243; top_divider_height=\u00bb60px\u00bb global_colors_info=\u00bb{}\u00bb][et_pb_row _builder_version=\u00bb4.21.0&#8243; _module_preset=\u00bbdefault\u00bb global_colors_info=\u00bb{}\u00bb][et_pb_column type=\u00bb4_4&#8243; _builder_version=\u00bb4.21.0&#8243; _module_preset=\u00bbdefault\u00bb global_colors_info=\u00bb{}\u00bb][et_pb_text _builder_version=\u00bb4.21.0&#8243; _module_preset=\u00bbdefault\u00bb global_colors_info=\u00bb{}\u00bb]<\/p>\n<h2>Descubre nuestras \u00e1reas de trabajo<\/h2>\n<p>[\/et_pb_text][\/et_pb_column][\/et_pb_row][et_pb_row _builder_version=\u00bb4.21.0&#8243; _module_preset=\u00bbdefault\u00bb global_colors_info=\u00bb{}\u00bb][et_pb_column type=\u00bb4_4&#8243; _builder_version=\u00bb4.21.0&#8243; _module_preset=\u00bbdefault\u00bb global_colors_info=\u00bb{}\u00bb][et_pb_text _builder_version=\u00bb4.21.0&#8243; _module_preset=\u00bbdefault\u00bb text_font_size=\u00bb20px\u00bb global_colors_info=\u00bb{}\u00bb]<\/p>\n<p>Como despacho multidisciplinar en Atriun Asesores tenemos varias \u00c1reas de trabajo que abarcan multitud de materias de inter\u00e9s y susceptibles de necesitar asesoramiento legal y financiero.<\/p>\n<p>Te recomendamos que visites cada una de las \u00e1reas para conocer los diferentes servicios que ofrecemos en cada una de ellas.<\/p>\n<p>[\/et_pb_text][\/et_pb_column][\/et_pb_row][\/et_pb_section][et_pb_section fb_built=\u00bb1&#8243; _builder_version=\u00bb4.21.0&#8243; _module_preset=\u00bbdefault\u00bb background_color=\u00bbrgba(130,130,130,0.16)\u00bb custom_padding=\u00bb0px|||||\u00bb global_colors_info=\u00bb{}\u00bb][et_pb_row column_structure=\u00bb1_3,1_3,1_3&#8243; _builder_version=\u00bb4.21.0&#8243; _module_preset=\u00bbdefault\u00bb global_colors_info=\u00bb{}\u00bb][et_pb_column type=\u00bb1_3&#8243; _builder_version=\u00bb4.21.0&#8243; _module_preset=\u00bbdefault\u00bb global_colors_info=\u00bb{}\u00bb][et_pb_blurb title=\u00bbFiscal, Mercantil y Tributario\u00bb url=\u00bbhttps:\/\/atriun.com\/fiscal-mercantil-y-tributaria\/\u00bb image=\u00bbhttps:\/\/atriun.com\/wp-content\/uploads\/2023\/07\/fmt.png\u00bb alt=\u00bbicono area fiscal mercantil tributaria\u00bb image_icon_width=\u00bb50%\u00bb _builder_version=\u00bb4.21.0&#8243; _module_preset=\u00bbdefault\u00bb header_level=\u00bbh3&#8243; header_text_align=\u00bbcenter\u00bb image_icon_custom_margin=\u00bb||||false|false\u00bb link_option_url=\u00bbhttps:\/\/atriun.com\/fiscal-mercantil-y-tributaria\/\u00bb hover_enabled=\u00bb0&#8243; locked=\u00bboff\u00bb global_colors_info=\u00bb{}\u00bb title_text=\u00bbfmt\u00bb sticky_enabled=\u00bb0&#8243;]<\/p>\n<p style=\"text-align: center;\"><span>En Atriun Asesores le planificamos fiscalmente la empresa para que, dentro de la legalidad vigente, pueda aprovechar las ventajas fiscales existentes. La preparaci\u00f3n t\u00e9cnica de nuestros profesionales les asegura la m\u00e1xima seguridad y confidencialidad en el asesoramiento de empresas y patrimonios.<\/span><\/p>\n<p>[\/et_pb_blurb][\/et_pb_column][et_pb_column type=\u00bb1_3&#8243; _builder_version=\u00bb4.21.0&#8243; _module_preset=\u00bbdefault\u00bb global_colors_info=\u00bb{}\u00bb][et_pb_blurb title=\u00bbJur\u00eddico\u00bb url=\u00bbhttps:\/\/atriun.com\/juridico-2\/\u00bb image=\u00bbhttps:\/\/atriun.com\/wp-content\/uploads\/2023\/07\/juridico.png\u00bb alt=\u00bbjuridica\u00bb image_icon_width=\u00bb50%\u00bb _builder_version=\u00bb4.21.0&#8243; _module_preset=\u00bbdefault\u00bb header_level=\u00bbh3&#8243; header_text_align=\u00bbcenter\u00bb image_icon_custom_margin=\u00bb||||false|false\u00bb link_option_url=\u00bbhttps:\/\/atriun.com\/juridico-2\/\u00bb hover_enabled=\u00bb0&#8243; locked=\u00bboff\u00bb global_colors_info=\u00bb{}\u00bb title_text=\u00bbjuridicos\u00bb sticky_enabled=\u00bb0&#8243;]<\/p>\n<p style=\"text-align: center;\"><span>El departamento jur\u00eddico de atriun asesores es un despacho multidisciplinar donde podr\u00e1 ver defendidos sus intereses con la m\u00e1xima profesionalidad. Contamos con profesionales de reconocida experiencia en el ejercicio de la abogac\u00eda y la defensa ante los Tribunales.<\/span><\/p>\n<p>[\/et_pb_blurb][\/et_pb_column][et_pb_column type=\u00bb1_3&#8243; _builder_version=\u00bb4.21.0&#8243; _module_preset=\u00bbdefault\u00bb global_colors_info=\u00bb{}\u00bb][et_pb_blurb title=\u00bbAdministraci\u00f3n de Fincas\u00bb url=\u00bbhttps:\/\/atriun.com\/administracion-de-fincas\/\u00bb image=\u00bbhttps:\/\/atriun.com\/wp-content\/uploads\/2023\/07\/admon-fincas.png\u00bb alt=\u00bbicono atriun asesores fincas\u00bb image_icon_width=\u00bb50%\u00bb _builder_version=\u00bb4.21.0&#8243; _module_preset=\u00bbdefault\u00bb header_level=\u00bbh3&#8243; header_text_align=\u00bbcenter\u00bb image_icon_custom_margin=\u00bb||||false|false\u00bb link_option_url=\u00bbhttps:\/\/atriun.com\/administracion-de-fincas\/\u00bb hover_enabled=\u00bb0&#8243; locked=\u00bboff\u00bb global_colors_info=\u00bb{}\u00bb title_text=\u00bbadmon-fincas\u00bb sticky_enabled=\u00bb0&#8243;]<\/p>\n<p style=\"text-align: center;\"><span>En ATRIUN contamos con un equipo de profesionales dispuestos a darle a su comunidad de propietarios unos servicios de administraci\u00f3n de fincas profesionalizado. <\/span><\/p>\n<p>[\/et_pb_blurb][\/et_pb_column][\/et_pb_row][et_pb_row column_structure=\u00bb1_3,1_3,1_3&#8243; _builder_version=\u00bb4.21.0&#8243; _module_preset=\u00bbdefault\u00bb global_colors_info=\u00bb{}\u00bb][et_pb_column type=\u00bb1_3&#8243; _builder_version=\u00bb4.21.0&#8243; _module_preset=\u00bbdefault\u00bb global_colors_info=\u00bb{}\u00bb][et_pb_blurb title=\u00bbContabilidad\u00bb url=\u00bbhttps:\/\/atriun.com\/contabilidad\/\u00bb image=\u00bbhttps:\/\/atriun.com\/wp-content\/uploads\/2023\/07\/contabilidad1.png\u00bb alt=\u00bbcontabilidad area\u00bb image_icon_width=\u00bb50%\u00bb _builder_version=\u00bb4.21.0&#8243; _module_preset=\u00bbdefault\u00bb header_level=\u00bbh3&#8243; header_text_align=\u00bbcenter\u00bb image_icon_custom_margin=\u00bb||||false|false\u00bb link_option_url=\u00bbhttps:\/\/atriun.com\/contabilidad\/\u00bb hover_enabled=\u00bb0&#8243; locked=\u00bboff\u00bb global_colors_info=\u00bb{}\u00bb title_text=\u00bbcontabilidad1&#8243; sticky_enabled=\u00bb0&#8243;]<\/p>\n<p style=\"text-align: center;\"><span>Ponemos a su disposici\u00f3n un equipo de profesionales altamente cualificados para hacerse cargo de la llevanza de sus estados financieros y contables.<\/span><\/p>\n<p style=\"text-align: center;\"><span>Le prestamos un asesoramiento cualificado, independiente y objetivo aportando un valor a\u00f1adido a su empresa y obteniendo una reducci\u00f3n en sus costes de personal.<\/span><\/p>\n<p>[\/et_pb_blurb][\/et_pb_column][et_pb_column type=\u00bb1_3&#8243; _builder_version=\u00bb4.21.0&#8243; _module_preset=\u00bbdefault\u00bb global_colors_info=\u00bb{}\u00bb][\/et_pb_column][et_pb_column type=\u00bb1_3&#8243; _builder_version=\u00bb4.21.0&#8243; _module_preset=\u00bbdefault\u00bb global_colors_info=\u00bb{}\u00bb][et_pb_blurb title=\u00bbLaboral\u00bb url=\u00bbhttps:\/\/atriun.com\/laboral\/\u00bb image=\u00bbhttps:\/\/atriun.com\/wp-content\/uploads\/2023\/07\/maletin.png\u00bb alt=\u00bbmaletin atriun asesores\u00bb image_icon_width=\u00bb50%\u00bb _builder_version=\u00bb4.21.0&#8243; _module_preset=\u00bbdefault\u00bb header_level=\u00bbh3&#8243; header_text_align=\u00bbcenter\u00bb image_icon_custom_margin=\u00bb||||false|false\u00bb link_option_url=\u00bbhttps:\/\/atriun.com\/laboral\/\u00bb hover_enabled=\u00bb0&#8243; locked=\u00bboff\u00bb global_colors_info=\u00bb{}\u00bb title_text=\u00bbmaletin\u00bb sticky_enabled=\u00bb0&#8243;]<\/p>\n<p style=\"text-align: center;\"><span>Nuestro Departamento se ocupa de toda la gesti\u00f3n de n\u00f3minas, tr\u00e1mite con la Segundad Social, declaraciones de IRPF y del pago de las cotizaciones, en definitiva, todo lo relacionado con la relaci\u00f3n trabajador empresa, aportando un valor a\u00f1adido a trav\u00e9s de un asesoramiento personalizado y objetivo.<\/span><\/p>\n<p>[\/et_pb_blurb][\/et_pb_column][\/et_pb_row][\/et_pb_section][et_pb_section fb_built=\u00bb1&#8243; _builder_version=\u00bb4.21.0&#8243; _module_preset=\u00bbdefault\u00bb background_color=\u00bbrgba(130,130,130,0.16)\u00bb custom_padding=\u00bb11px||9px|||\u00bb locked=\u00bboff\u00bb global_colors_info=\u00bb{}\u00bb][et_pb_row column_structure=\u00bb1_2,1_2&#8243; _builder_version=\u00bb4.21.0&#8243; _module_preset=\u00bbdefault\u00bb global_colors_info=\u00bb{}\u00bb][et_pb_column type=\u00bb1_2&#8243; _builder_version=\u00bb4.21.0&#8243; _module_preset=\u00bbdefault\u00bb global_colors_info=\u00bb{}\u00bb][et_pb_image src=\u00bbhttps:\/\/atriun.com\/wp-content\/uploads\/2023\/07\/publi1.png\u00bb alt=\u00bbpublicidad atriun asesores\u00bb title_text=\u00bbpubli1&#8243; align=\u00bbcenter\u00bb _builder_version=\u00bb4.21.0&#8243; _module_preset=\u00bbdefault\u00bb width=\u00bb50%\u00bb hover_enabled=\u00bb0&#8243; global_colors_info=\u00bb{}\u00bb sticky_enabled=\u00bb0&#8243;][\/et_pb_image][\/et_pb_column][et_pb_column type=\u00bb1_2&#8243; _builder_version=\u00bb4.21.0&#8243; _module_preset=\u00bbdefault\u00bb global_colors_info=\u00bb{}\u00bb][et_pb_image src=\u00bbhttps:\/\/atriun.com\/wp-content\/uploads\/2023\/07\/publi3.png\u00bb alt=\u00bbeuropa atriun asesores\u00bb title_text=\u00bbpubli3&#8243; align=\u00bbcenter\u00bb _builder_version=\u00bb4.21.0&#8243; _module_preset=\u00bbdefault\u00bb width=\u00bb50%\u00bb hover_enabled=\u00bb0&#8243; global_colors_info=\u00bb{}\u00bb sticky_enabled=\u00bb0&#8243;][\/et_pb_image][\/et_pb_column][\/et_pb_row][et_pb_row _builder_version=\u00bb4.21.0&#8243; _module_preset=\u00bbdefault\u00bb custom_margin=\u00bb-33px|auto||auto||\u00bb custom_padding=\u00bb0px||6px|||\u00bb global_colors_info=\u00bb{}\u00bb][et_pb_column type=\u00bb4_4&#8243; _builder_version=\u00bb4.21.0&#8243; _module_preset=\u00bbdefault\u00bb global_colors_info=\u00bb{}\u00bb][et_pb_text _builder_version=\u00bb4.21.0&#8243; _module_preset=\u00bbdefault\u00bb global_colors_info=\u00bb{}\u00bb]<\/p>\n<p style=\"text-align: center;\"><span>Financiado por la Uni\u00f3n Europea \u2013 NextGenerationEU<\/span><\/p>\n<p>[\/et_pb_text][\/et_pb_column][\/et_pb_row][\/et_pb_section]<\/p>\n","protected":false},"excerpt":{"rendered":"<p>\u00c1REAS DE TRABAJODescubre nuestras \u00e1reas de trabajoComo despacho multidisciplinar en Atriun Asesores tenemos varias \u00c1reas de trabajo que abarcan multitud de materias de inter\u00e9s y susceptibles de necesitar asesoramiento legal y financiero. Te recomendamos que visites cada una de las \u00e1reas para conocer los diferentes servicios que ofrecemos en cada una de ellas.En Atriun Asesores [&hellip;]<\/p>\n","protected":false},"author":2,"featured_media":0,"parent":0,"menu_order":0,"comment_status":"closed","ping_status":"closed","template":"","meta":{"_et_pb_use_builder":"on","_et_pb_old_content":"","_et_gb_content_width":"","footnotes":""},"class_list":["post-140","page","type-page","status-publish","hentry"],"yoast_head":"<!-- This site is optimized with the Yoast SEO plugin v27.1.1 - https:\/\/yoast.com\/product\/yoast-seo-wordpress\/ -->\n<title>\u00c1reas de trabajo - Atriun Asesores<\/title>\n<meta name=\"description\" content=\"Nuestras \u00e1reas de trabajo son: Fiscal, Mercantil y Tributaria, Contable, Administraci\u00f3n de Fincas, Jur\u00eddica y Laboral.\" \/>\n<meta name=\"robots\" content=\"index, follow, max-snippet:-1, max-image-preview:large, max-video-preview:-1\" \/>\n<link rel=\"canonical\" href=\"https:\/\/atriun.com\/en\/areas-de-trabajo\/\" \/>\n<meta property=\"og:locale\" content=\"en_GB\" \/>\n<meta property=\"og:type\" content=\"article\" \/>\n<meta property=\"og:title\" content=\"\u00c1reas de trabajo - Atriun Asesores\" \/>\n<meta property=\"og:description\" content=\"Nuestras \u00e1reas de trabajo son: Fiscal, Mercantil y Tributaria, Contable, Administraci\u00f3n de Fincas, Jur\u00eddica y Laboral.\" \/>\n<meta property=\"og:url\" content=\"https:\/\/atriun.com\/en\/areas-de-trabajo\/\" \/>\n<meta property=\"og:site_name\" content=\"Atriun Asesores\" \/>\n<meta property=\"article:modified_time\" content=\"2023-08-29T11:13:59+00:00\" \/>\n<meta name=\"twitter:card\" content=\"summary_large_image\" \/>\n<meta name=\"twitter:label1\" content=\"Estimated reading time\" \/>\n\t<meta name=\"twitter:data1\" content=\"3 minutes\" \/>\n<script type=\"application\/ld+json\" class=\"yoast-schema-graph\">{\"@context\":\"https:\/\/schema.org\",\"@graph\":[{\"@type\":\"WebPage\",\"@id\":\"https:\/\/atriun.com\/en\/areas-de-trabajo\/\",\"url\":\"https:\/\/atriun.com\/en\/areas-de-trabajo\/\",\"name\":\"\u00c1reas de trabajo - Atriun Asesores\",\"isPartOf\":{\"@id\":\"https:\/\/atriun.com\/#website\"},\"datePublished\":\"2023-07-27T12:33:20+00:00\",\"dateModified\":\"2023-08-29T11:13:59+00:00\",\"description\":\"Nuestras \u00e1reas de trabajo son: Fiscal, Mercantil y Tributaria, Contable, Administraci\u00f3n de Fincas, Jur\u00eddica y Laboral.\",\"breadcrumb\":{\"@id\":\"https:\/\/atriun.com\/en\/areas-de-trabajo\/#breadcrumb\"},\"inLanguage\":\"en-GB\",\"potentialAction\":[{\"@type\":\"ReadAction\",\"target\":[\"https:\/\/atriun.com\/en\/areas-de-trabajo\/\"]}]},{\"@type\":\"BreadcrumbList\",\"@id\":\"https:\/\/atriun.com\/en\/areas-de-trabajo\/#breadcrumb\",\"itemListElement\":[{\"@type\":\"ListItem\",\"position\":1,\"name\":\"Portada\",\"item\":\"https:\/\/atriun.com\/en\/\"},{\"@type\":\"ListItem\",\"position\":2,\"name\":\"\u00c1reas de trabajo\"}]},{\"@type\":\"WebSite\",\"@id\":\"https:\/\/atriun.com\/#website\",\"url\":\"https:\/\/atriun.com\/\",\"name\":\"Atriun Asesores\",\"description\":\"Tu asesor\u00eda de confianza\",\"potentialAction\":[{\"@type\":\"SearchAction\",\"target\":{\"@type\":\"EntryPoint\",\"urlTemplate\":\"https:\/\/atriun.com\/?s={search_term_string}\"},\"query-input\":{\"@type\":\"PropertyValueSpecification\",\"valueRequired\":true,\"valueName\":\"search_term_string\"}}],\"inLanguage\":\"en-GB\"}]}<\/script>\n<!-- \/ Yoast SEO plugin. -->","yoast_head_json":{"title":"\u00c1reas de trabajo - Atriun Asesores","description":"Nuestras \u00e1reas de trabajo son: Fiscal, Mercantil y Tributaria, Contable, Administraci\u00f3n de Fincas, Jur\u00eddica y Laboral.","robots":{"index":"index","follow":"follow","max-snippet":"max-snippet:-1","max-image-preview":"max-image-preview:large","max-video-preview":"max-video-preview:-1"},"canonical":"https:\/\/atriun.com\/en\/areas-de-trabajo\/","og_locale":"en_GB","og_type":"article","og_title":"\u00c1reas de trabajo - Atriun Asesores","og_description":"Nuestras \u00e1reas de trabajo son: Fiscal, Mercantil y Tributaria, Contable, Administraci\u00f3n de Fincas, Jur\u00eddica y Laboral.","og_url":"https:\/\/atriun.com\/en\/areas-de-trabajo\/","og_site_name":"Atriun Asesores","article_modified_time":"2023-08-29T11:13:59+00:00","twitter_card":"summary_large_image","twitter_misc":{"Estimated reading time":"3 minutes"},"schema":{"@context":"https:\/\/schema.org","@graph":[{"@type":"WebPage","@id":"https:\/\/atriun.com\/en\/areas-de-trabajo\/","url":"https:\/\/atriun.com\/en\/areas-de-trabajo\/","name":"\u00c1reas de trabajo - Atriun Asesores","isPartOf":{"@id":"https:\/\/atriun.com\/#website"},"datePublished":"2023-07-27T12:33:20+00:00","dateModified":"2023-08-29T11:13:59+00:00","description":"Nuestras \u00e1reas de trabajo son: Fiscal, Mercantil y Tributaria, Contable, Administraci\u00f3n de Fincas, Jur\u00eddica y Laboral.","breadcrumb":{"@id":"https:\/\/atriun.com\/en\/areas-de-trabajo\/#breadcrumb"},"inLanguage":"en-GB","potentialAction":[{"@type":"ReadAction","target":["https:\/\/atriun.com\/en\/areas-de-trabajo\/"]}]},{"@type":"BreadcrumbList","@id":"https:\/\/atriun.com\/en\/areas-de-trabajo\/#breadcrumb","itemListElement":[{"@type":"ListItem","position":1,"name":"Portada","item":"https:\/\/atriun.com\/en\/"},{"@type":"ListItem","position":2,"name":"\u00c1reas de trabajo"}]},{"@type":"WebSite","@id":"https:\/\/atriun.com\/#website","url":"https:\/\/atriun.com\/","name":"Atriun Asesores","description":"Your Trusted Advisory","potentialAction":[{"@type":"SearchAction","target":{"@type":"EntryPoint","urlTemplate":"https:\/\/atriun.com\/?s={search_term_string}"},"query-input":{"@type":"PropertyValueSpecification","valueRequired":true,"valueName":"search_term_string"}}],"inLanguage":"en-GB"}]}},"_links":{"self":[{"href":"https:\/\/atriun.com\/en\/wp-json\/wp\/v2\/pages\/140","targetHints":{"allow":["GET"]}}],"collection":[{"href":"https:\/\/atriun.com\/en\/wp-json\/wp\/v2\/pages"}],"about":[{"href":"https:\/\/atriun.com\/en\/wp-json\/wp\/v2\/types\/page"}],"author":[{"embeddable":true,"href":"https:\/\/atriun.com\/en\/wp-json\/wp\/v2\/users\/2"}],"replies":[{"embeddable":true,"href":"https:\/\/atriun.com\/en\/wp-json\/wp\/v2\/comments?post=140"}],"version-history":[{"count":16,"href":"https:\/\/atriun.com\/en\/wp-json\/wp\/v2\/pages\/140\/revisions"}],"predecessor-version":[{"id":477,"href":"https:\/\/atriun.com\/en\/wp-json\/wp\/v2\/pages\/140\/revisions\/477"}],"wp:attachment":[{"href":"https:\/\/atriun.com\/en\/wp-json\/wp\/v2\/media?parent=140"}],"curies":[{"name":"wp","href":"https:\/\/api.w.org\/{rel}","templated":true}]}}